{"id":9194,"date":"2018-04-23T18:16:49","date_gmt":"2018-04-23T16:16:49","guid":{"rendered":"http:\/\/thebestbijoux.fr\/?post_type=product&#038;p=9194"},"modified":"2024-04-13T12:43:52","modified_gmt":"2024-04-13T10:43:52","slug":"montre-lotus-homme-34","status":"publish","type":"product","link":"https:\/\/thebestbijoux.fr\/index.php\/produit\/montre-lotus-homme-34\/","title":{"rendered":"Montre Lotus homme cadran rond,noir \u00e9tanch\u00e9it\u00e9 3 ATM bracelet m\u00e9tal -couleur or ,2 ans,garantie 2 ans(non disponible)"},"content":{"rendered":"","protected":false},"excerpt":{"rendered":"","protected":false},"featured_media":20114,"comment_status":"open","ping_status":"closed","template":"","meta":[],"_links":{"self":[{"href":"https:\/\/thebestbijoux.fr\/index.php\/wp-json\/wp\/v2\/product\/9194"}],"collection":[{"href":"https:\/\/thebestbijoux.fr\/index.php\/wp-json\/wp\/v2\/product"}],"about":[{"href":"https:\/\/thebestbijoux.fr\/index.php\/wp-json\/wp\/v2\/types\/product"}],"replies":[{"embeddable":true,"href":"https:\/\/thebestbijoux.fr\/index.php\/wp-json\/wp\/v2\/comments?post=9194"}],"wp:featuredmedia":[{"embeddable":true,"href":"https:\/\/thebestbijoux.fr\/index.php\/wp-json\/wp\/v2\/media\/20114"}],"wp:attachment":[{"href":"https:\/\/thebestbijoux.fr\/index.php\/wp-json\/wp\/v2\/media?parent=9194"}],"curies":[{"name":"wp","href":"https:\/\/api.w.org\/{rel}","templated":true}]}}