{"id":20390,"date":"2021-12-02T18:29:05","date_gmt":"2021-12-02T17:29:05","guid":{"rendered":"http:\/\/thebestbijoux.fr\/?post_type=product&#038;p=20390"},"modified":"2021-12-02T18:39:58","modified_gmt":"2021-12-02T17:39:58","slug":"montre-homme-lotus-7","status":"publish","type":"product","link":"https:\/\/thebestbijoux.fr\/index.php\/produit\/montre-homme-lotus-7\/","title":{"rendered":"Montre homme Lotus, cadran rond blanc, bracelet en cuir marron,\u00e9tanch\u00e9it\u00e9 5 ATM, garantie 2 ans"},"content":{"rendered":"","protected":false},"excerpt":{"rendered":"","protected":false},"featured_media":20391,"comment_status":"open","ping_status":"closed","template":"","meta":[],"_links":{"self":[{"href":"https:\/\/thebestbijoux.fr\/index.php\/wp-json\/wp\/v2\/product\/20390"}],"collection":[{"href":"https:\/\/thebestbijoux.fr\/index.php\/wp-json\/wp\/v2\/product"}],"about":[{"href":"https:\/\/thebestbijoux.fr\/index.php\/wp-json\/wp\/v2\/types\/product"}],"replies":[{"embeddable":true,"href":"https:\/\/thebestbijoux.fr\/index.php\/wp-json\/wp\/v2\/comments?post=20390"}],"wp:featuredmedia":[{"embeddable":true,"href":"https:\/\/thebestbijoux.fr\/index.php\/wp-json\/wp\/v2\/media\/20391"}],"wp:attachment":[{"href":"https:\/\/thebestbijoux.fr\/index.php\/wp-json\/wp\/v2\/media?parent=20390"}],"curies":[{"name":"wp","href":"https:\/\/api.w.org\/{rel}","templated":true}]}}