{"id":20307,"date":"2021-12-02T11:46:11","date_gmt":"2021-12-02T10:46:11","guid":{"rendered":"http:\/\/thebestbijoux.fr\/?post_type=product&#038;p=20307"},"modified":"2024-04-13T11:59:15","modified_gmt":"2024-04-13T09:59:15","slug":"montre-festina-homme","status":"publish","type":"product","link":"https:\/\/thebestbijoux.fr\/index.php\/produit\/montre-festina-homme\/","title":{"rendered":"Montre festina homme multifonctions,cadran rond vert ,bracelet en m\u00e9tal ,\u00e9tanch\u00e9it\u00e9 10 ATM ,garantie 2 ans(non disponible)"},"content":{"rendered":"","protected":false},"excerpt":{"rendered":"","protected":false},"featured_media":22990,"comment_status":"open","ping_status":"closed","template":"","meta":[],"_links":{"self":[{"href":"https:\/\/thebestbijoux.fr\/index.php\/wp-json\/wp\/v2\/product\/20307"}],"collection":[{"href":"https:\/\/thebestbijoux.fr\/index.php\/wp-json\/wp\/v2\/product"}],"about":[{"href":"https:\/\/thebestbijoux.fr\/index.php\/wp-json\/wp\/v2\/types\/product"}],"replies":[{"embeddable":true,"href":"https:\/\/thebestbijoux.fr\/index.php\/wp-json\/wp\/v2\/comments?post=20307"}],"wp:featuredmedia":[{"embeddable":true,"href":"https:\/\/thebestbijoux.fr\/index.php\/wp-json\/wp\/v2\/media\/22990"}],"wp:attachment":[{"href":"https:\/\/thebestbijoux.fr\/index.php\/wp-json\/wp\/v2\/media?parent=20307"}],"curies":[{"name":"wp","href":"https:\/\/api.w.org\/{rel}","templated":true}]}}