{"id":20235,"date":"2021-11-30T11:06:59","date_gmt":"2021-11-30T10:06:59","guid":{"rendered":"http:\/\/thebestbijoux.fr\/?post_type=product&#038;p=20235"},"modified":"2024-01-04T15:31:57","modified_gmt":"2024-01-04T14:31:57","slug":"montre-homme-lotus-9","status":"publish","type":"product","link":"https:\/\/thebestbijoux.fr\/index.php\/produit\/montre-homme-lotus-9\/","title":{"rendered":"Montre homme Festina multifonctions,cadran rond bleu fonc\u00e9 avec calendrier,bracelet en m\u00e9tal acier et or ,\u00e9tanch\u00e9it\u00e9 10 ATM"},"content":{"rendered":"","protected":false},"excerpt":{"rendered":"","protected":false},"featured_media":23005,"comment_status":"open","ping_status":"closed","template":"","meta":[],"_links":{"self":[{"href":"https:\/\/thebestbijoux.fr\/index.php\/wp-json\/wp\/v2\/product\/20235"}],"collection":[{"href":"https:\/\/thebestbijoux.fr\/index.php\/wp-json\/wp\/v2\/product"}],"about":[{"href":"https:\/\/thebestbijoux.fr\/index.php\/wp-json\/wp\/v2\/types\/product"}],"replies":[{"embeddable":true,"href":"https:\/\/thebestbijoux.fr\/index.php\/wp-json\/wp\/v2\/comments?post=20235"}],"wp:featuredmedia":[{"embeddable":true,"href":"https:\/\/thebestbijoux.fr\/index.php\/wp-json\/wp\/v2\/media\/23005"}],"wp:attachment":[{"href":"https:\/\/thebestbijoux.fr\/index.php\/wp-json\/wp\/v2\/media?parent=20235"}],"curies":[{"name":"wp","href":"https:\/\/api.w.org\/{rel}","templated":true}]}}