{"id":83,"date":"2017-07-17T15:13:49","date_gmt":"2017-07-17T13:13:49","guid":{"rendered":"http:\/\/thebestbijoux.fr\/?page_id=83"},"modified":"2018-04-18T17:23:33","modified_gmt":"2018-04-18T15:23:33","slug":"accueil","status":"publish","type":"page","link":"https:\/\/thebestbijoux.fr\/","title":{"rendered":"Accueil"},"content":{"rendered":"<p><img loading=\"lazy\" class=\"alignnone wp-image-8556 size-full\" src=\"http:\/\/thebestbijoux.fr\/wp-content\/uploads\/2018\/04\/IMG_5150.jpg\" alt=\"\" width=\"1954\" height=\"751\" srcset=\"https:\/\/thebestbijoux.fr\/wp-content\/uploads\/2018\/04\/IMG_5150.jpg 1954w, https:\/\/thebestbijoux.fr\/wp-content\/uploads\/2018\/04\/IMG_5150-600x231.jpg 600w, https:\/\/thebestbijoux.fr\/wp-content\/uploads\/2018\/04\/IMG_5150-300x115.jpg 300w, https:\/\/thebestbijoux.fr\/wp-content\/uploads\/2018\/04\/IMG_5150-768x295.jpg 768w, https:\/\/thebestbijoux.fr\/wp-content\/uploads\/2018\/04\/IMG_5150-1024x394.jpg 1024w\" sizes=\"(max-width: 1954px) 100vw, 1954px\" \/><strong>sp\u00e9cialis\u00e9\u00a0dans les bijoux plaqu\u00e9s Or 18 carats garantis 10 ans et Argen<\/strong>t 925\/1000, fantaisie haut de gamme dor\u00e9, argent\u00e9 ou en strasses et montres homme, femme et enfant pour tous les go\u00fbts et tous les budgets.<\/p>\n<p>&nbsp;<\/p>\n","protected":false},"excerpt":{"rendered":"<p>sp\u00e9cialis\u00e9\u00a0dans les bijoux plaqu\u00e9s Or 18 carats garantis 10 ans et Argent 925\/1000, fantaisie haut de gamme dor\u00e9, argent\u00e9 ou en strasses et montres homme, femme et enfant pour tous les go\u00fbts et tous les budgets. &nbsp;<\/p>\n","protected":false},"author":1,"featured_media":0,"parent":0,"menu_order":0,"comment_status":"closed","ping_status":"closed","template":"","meta":[],"_links":{"self":[{"href":"https:\/\/thebestbijoux.fr\/index.php\/wp-json\/wp\/v2\/pages\/83"}],"collection":[{"href":"https:\/\/thebestbijoux.fr\/index.php\/wp-json\/wp\/v2\/pages"}],"about":[{"href":"https:\/\/thebestbijoux.fr\/index.php\/wp-json\/wp\/v2\/types\/page"}],"author":[{"embeddable":true,"href":"https:\/\/thebestbijoux.fr\/index.php\/wp-json\/wp\/v2\/users\/1"}],"replies":[{"embeddable":true,"href":"https:\/\/thebestbijoux.fr\/index.php\/wp-json\/wp\/v2\/comments?post=83"}],"version-history":[{"count":29,"href":"https:\/\/thebestbijoux.fr\/index.php\/wp-json\/wp\/v2\/pages\/83\/revisions"}],"predecessor-version":[{"id":8858,"href":"https:\/\/thebestbijoux.fr\/index.php\/wp-json\/wp\/v2\/pages\/83\/revisions\/8858"}],"wp:attachment":[{"href":"https:\/\/thebestbijoux.fr\/index.php\/wp-json\/wp\/v2\/media?parent=83"}],"curies":[{"name":"wp","href":"https:\/\/api.w.org\/{rel}","templated":true}]}}