{"id":110,"date":"2017-07-26T09:27:29","date_gmt":"2017-07-26T07:27:29","guid":{"rendered":"http:\/\/thebestbijoux.fr\/?page_id=110"},"modified":"2017-07-28T15:58:30","modified_gmt":"2017-07-28T13:58:30","slug":"garanties","status":"publish","type":"page","link":"https:\/\/thebestbijoux.fr\/index.php\/garanties\/","title":{"rendered":"GARANTIES"},"content":{"rendered":"<p><strong>Garantie de nos produits<\/strong><br \/>\nTous nos bijoux en argent sont garantis argent 925\/1000 contr\u00f4l\u00e9s et sont tous poin\u00e7onn\u00e9s.<br \/>\nLes articles en plaqu\u00e9-or sont garantis uniquement sur la couverture d&rsquo;or par la maison THE BEST BIJOUX par le biais de ses fournisseurs, pour un d\u00e9lai de 10 ans \u00e0 condition de ne pas utiliser des produits chimiques (Javel, Vaisselle, Cr\u00e8me, Parfum, eau de mer, chlore, produits m\u00e9nagers, etc). Il se peut que le produit se salisse, il suffit de le nettoyer avec du savon de Marseille et une brosse. En cas de d\u00e9faut de fabrication de l&rsquo;article, il y a un service apr\u00e8s-vente \u00e0 votre disposition qui permet de replaquer votre produit si les conditions de garantie sont respect\u00e9es.<br \/>\nLes montres sont garanties 1 an uniquement sur le m\u00e9canisme et pile, et \u00e9tanch\u00e9it\u00e9 si pr\u00e9cis\u00e9e sur la montre (hors verre et bracelet).<br \/>\nLa d\u00e9t\u00e9rioration, la casse et l\u2019usure n\u2019entrent pas dans la garantie.<br \/>\nEn tout \u00e9tat de cause, la garantie l\u00e9gale contre les vices cach\u00e9s s\u2019applique.<br \/>\nPour pouvoir b\u00e9n\u00e9ficier de la garantie des produits, il convient imp\u00e9rativement de conserver la facture d&rsquo;achat du produit. Suite au test de l&rsquo;atelier qui prouve que le d\u00e9faut provient de la fabrication, votre produit sera replaqu\u00e9 imm\u00e9diatement, ou \u00e9changer avec un autre produit (le m\u00eame ou un similaire si rupture de stock), ou il sera donn\u00e9 un avoir du m\u00eame montant.<\/p>\n<p><strong>S.A.V.<\/strong><\/p>\n<p>Tous les clients d\u00e9sirant effectuer un renvoi (\u00e9change, d\u00e9faut de fabrication,etc) doivent directement nous contacter par mail \u00e0 l&rsquo;adresse\u00a0: <a href=\"mailto:contact@thebestbijoux.com\">contact@thebestbijoux.com<\/a> et un de nos sp\u00e9cialistes vous recontactera dans les plus brefs d\u00e9lais, de mani\u00e8re \u00e0 vous conseiller ou vous orienter dans la suite de l&rsquo;op\u00e9ration de S.A.V.<\/p>\n","protected":false},"excerpt":{"rendered":"<p>Garantie de nos produits Tous nos bijoux en argent sont garantis argent 925\/1000 contr\u00f4l\u00e9s et sont tous poin\u00e7onn\u00e9s. Les articles en plaqu\u00e9-or sont garantis uniquement sur la couverture d&rsquo;or par la maison THE BEST BIJOUX par le biais de ses fournisseurs, pour un d\u00e9lai de 10 ans \u00e0 condition de ne pas utiliser des produits [&hellip;]<\/p>\n","protected":false},"author":1,"featured_media":0,"parent":0,"menu_order":0,"comment_status":"closed","ping_status":"closed","template":"","meta":[],"_links":{"self":[{"href":"https:\/\/thebestbijoux.fr\/index.php\/wp-json\/wp\/v2\/pages\/110"}],"collection":[{"href":"https:\/\/thebestbijoux.fr\/index.php\/wp-json\/wp\/v2\/pages"}],"about":[{"href":"https:\/\/thebestbijoux.fr\/index.php\/wp-json\/wp\/v2\/types\/page"}],"author":[{"embeddable":true,"href":"https:\/\/thebestbijoux.fr\/index.php\/wp-json\/wp\/v2\/users\/1"}],"replies":[{"embeddable":true,"href":"https:\/\/thebestbijoux.fr\/index.php\/wp-json\/wp\/v2\/comments?post=110"}],"version-history":[{"count":3,"href":"https:\/\/thebestbijoux.fr\/index.php\/wp-json\/wp\/v2\/pages\/110\/revisions"}],"predecessor-version":[{"id":133,"href":"https:\/\/thebestbijoux.fr\/index.php\/wp-json\/wp\/v2\/pages\/110\/revisions\/133"}],"wp:attachment":[{"href":"https:\/\/thebestbijoux.fr\/index.php\/wp-json\/wp\/v2\/media?parent=110"}],"curies":[{"name":"wp","href":"https:\/\/api.w.org\/{rel}","templated":true}]}}