{"id":9209,"date":"2018-04-23T18:25:41","date_gmt":"2018-04-23T16:25:41","guid":{"rendered":"http:\/\/thebestbijoux.fr\/?post_type=product&#038;p=9209"},"modified":"2021-11-27T17:23:20","modified_gmt":"2021-11-27T16:23:20","slug":"montre-lotus-homme-39","status":"publish","type":"product","link":"http:\/\/thebestbijoux.fr\/index.php\/produit\/montre-lotus-homme-39\/","title":{"rendered":"Montre Lotus homme ,femme cadran rond blanc,bracelet noir en cuir ,\u00e9tanch\u00e9it\u00e9 5 ATM ,garantie 2 ans"},"content":{"rendered":"","protected":false},"excerpt":{"rendered":"","protected":false},"featured_media":20120,"comment_status":"open","ping_status":"closed","template":"","meta":[],"_links":{"self":[{"href":"http:\/\/thebestbijoux.fr\/index.php\/wp-json\/wp\/v2\/product\/9209"}],"collection":[{"href":"http:\/\/thebestbijoux.fr\/index.php\/wp-json\/wp\/v2\/product"}],"about":[{"href":"http:\/\/thebestbijoux.fr\/index.php\/wp-json\/wp\/v2\/types\/product"}],"replies":[{"embeddable":true,"href":"http:\/\/thebestbijoux.fr\/index.php\/wp-json\/wp\/v2\/comments?post=9209"}],"wp:featuredmedia":[{"embeddable":true,"href":"http:\/\/thebestbijoux.fr\/index.php\/wp-json\/wp\/v2\/media\/20120"}],"wp:attachment":[{"href":"http:\/\/thebestbijoux.fr\/index.php\/wp-json\/wp\/v2\/media?parent=9209"}],"curies":[{"name":"wp","href":"https:\/\/api.w.org\/{rel}","templated":true}]}}