{"id":9203,"date":"2018-04-23T18:21:34","date_gmt":"2018-04-23T16:21:34","guid":{"rendered":"http:\/\/thebestbijoux.fr\/?post_type=product&#038;p=9203"},"modified":"2020-09-02T17:59:31","modified_gmt":"2020-09-02T15:59:31","slug":"montre-lotus-homme-37","status":"publish","type":"product","link":"http:\/\/thebestbijoux.fr\/index.php\/produit\/montre-lotus-homme-37\/","title":{"rendered":"Montre Lotus homme \u00e9tanch\u00e9it\u00e9  5 ATM multifonction trois sous-cadran carr\u00e9,noir,bracelet m\u00e9tal,garantie 2 ans"},"content":{"rendered":"<p><img loading=\"lazy\" class=\"alignnone size-thumbnail wp-image-9204\" src=\"http:\/\/thebestbijoux.fr\/wp-content\/uploads\/2018\/04\/IMG_5892-150x150.jpg\" alt=\"\" width=\"150\" height=\"150\" srcset=\"http:\/\/thebestbijoux.fr\/wp-content\/uploads\/2018\/04\/IMG_5892-150x150.jpg 150w, http:\/\/thebestbijoux.fr\/wp-content\/uploads\/2018\/04\/IMG_5892-300x300.jpg 300w, http:\/\/thebestbijoux.fr\/wp-content\/uploads\/2018\/04\/IMG_5892-100x100.jpg 100w, http:\/\/thebestbijoux.fr\/wp-content\/uploads\/2018\/04\/IMG_5892-75x75.jpg 75w, http:\/\/thebestbijoux.fr\/wp-content\/uploads\/2018\/04\/IMG_5892-444x444.jpg 444w\" sizes=\"(max-width: 150px) 100vw, 150px\" \/><\/p>\n<p><img loading=\"lazy\" class=\"alignnone size-thumbnail wp-image-9205\" src=\"http:\/\/thebestbijoux.fr\/wp-content\/uploads\/2018\/04\/IMG_5893-150x150.jpg\" alt=\"\" width=\"150\" height=\"150\" srcset=\"http:\/\/thebestbijoux.fr\/wp-content\/uploads\/2018\/04\/IMG_5893-150x150.jpg 150w, http:\/\/thebestbijoux.fr\/wp-content\/uploads\/2018\/04\/IMG_5893-300x300.jpg 300w, http:\/\/thebestbijoux.fr\/wp-content\/uploads\/2018\/04\/IMG_5893-100x100.jpg 100w, http:\/\/thebestbijoux.fr\/wp-content\/uploads\/2018\/04\/IMG_5893-75x75.jpg 75w, http:\/\/thebestbijoux.fr\/wp-content\/uploads\/2018\/04\/IMG_5893-444x444.jpg 444w\" sizes=\"(max-width: 150px) 100vw, 150px\" \/><\/p>\n","protected":false},"excerpt":{"rendered":"","protected":false},"featured_media":9204,"comment_status":"open","ping_status":"closed","template":"","meta":[],"_links":{"self":[{"href":"http:\/\/thebestbijoux.fr\/index.php\/wp-json\/wp\/v2\/product\/9203"}],"collection":[{"href":"http:\/\/thebestbijoux.fr\/index.php\/wp-json\/wp\/v2\/product"}],"about":[{"href":"http:\/\/thebestbijoux.fr\/index.php\/wp-json\/wp\/v2\/types\/product"}],"replies":[{"embeddable":true,"href":"http:\/\/thebestbijoux.fr\/index.php\/wp-json\/wp\/v2\/comments?post=9203"}],"wp:featuredmedia":[{"embeddable":true,"href":"http:\/\/thebestbijoux.fr\/index.php\/wp-json\/wp\/v2\/media\/9204"}],"wp:attachment":[{"href":"http:\/\/thebestbijoux.fr\/index.php\/wp-json\/wp\/v2\/media?parent=9203"}],"curies":[{"name":"wp","href":"https:\/\/api.w.org\/{rel}","templated":true}]}}