{"id":9079,"date":"2018-04-20T17:37:11","date_gmt":"2018-04-20T15:37:11","guid":{"rendered":"http:\/\/thebestbijoux.fr\/?post_type=product&#038;p=9079"},"modified":"2024-01-04T15:43:35","modified_gmt":"2024-01-04T14:43:35","slug":"montre-lotus-femme-5","status":"publish","type":"product","link":"http:\/\/thebestbijoux.fr\/index.php\/produit\/montre-lotus-femme-5\/","title":{"rendered":"Montre Festina femme ,cadran rond bleu aux cristaux,bracelet en m\u00e9tal acier et dor\u00e9e, \u00e9tanch\u00e9it\u00e9 5 ATM garantie 2 ans"},"content":{"rendered":"","protected":false},"excerpt":{"rendered":"","protected":false},"featured_media":23006,"comment_status":"open","ping_status":"closed","template":"","meta":[],"_links":{"self":[{"href":"http:\/\/thebestbijoux.fr\/index.php\/wp-json\/wp\/v2\/product\/9079"}],"collection":[{"href":"http:\/\/thebestbijoux.fr\/index.php\/wp-json\/wp\/v2\/product"}],"about":[{"href":"http:\/\/thebestbijoux.fr\/index.php\/wp-json\/wp\/v2\/types\/product"}],"replies":[{"embeddable":true,"href":"http:\/\/thebestbijoux.fr\/index.php\/wp-json\/wp\/v2\/comments?post=9079"}],"wp:featuredmedia":[{"embeddable":true,"href":"http:\/\/thebestbijoux.fr\/index.php\/wp-json\/wp\/v2\/media\/23006"}],"wp:attachment":[{"href":"http:\/\/thebestbijoux.fr\/index.php\/wp-json\/wp\/v2\/media?parent=9079"}],"curies":[{"name":"wp","href":"https:\/\/api.w.org\/{rel}","templated":true}]}}