{"id":9067,"date":"2018-04-20T16:49:45","date_gmt":"2018-04-20T14:49:45","guid":{"rendered":"http:\/\/thebestbijoux.fr\/?post_type=product&#038;p=9067"},"modified":"2024-01-04T12:04:13","modified_gmt":"2024-01-04T11:04:13","slug":"montre-lotus-homme-8","status":"publish","type":"product","link":"http:\/\/thebestbijoux.fr\/index.php\/produit\/montre-lotus-homme-8\/","title":{"rendered":"Montre Festina homme \u00e9tanch\u00e9it\u00e9 10 ATM ,cadran rond bleu,avec calendrier et semainier bracelet en m\u00e9tal couleur acier et or  ,garantie 2 ans"},"content":{"rendered":"","protected":false},"excerpt":{"rendered":"","protected":false},"featured_media":22984,"comment_status":"open","ping_status":"closed","template":"","meta":[],"_links":{"self":[{"href":"http:\/\/thebestbijoux.fr\/index.php\/wp-json\/wp\/v2\/product\/9067"}],"collection":[{"href":"http:\/\/thebestbijoux.fr\/index.php\/wp-json\/wp\/v2\/product"}],"about":[{"href":"http:\/\/thebestbijoux.fr\/index.php\/wp-json\/wp\/v2\/types\/product"}],"replies":[{"embeddable":true,"href":"http:\/\/thebestbijoux.fr\/index.php\/wp-json\/wp\/v2\/comments?post=9067"}],"wp:featuredmedia":[{"embeddable":true,"href":"http:\/\/thebestbijoux.fr\/index.php\/wp-json\/wp\/v2\/media\/22984"}],"wp:attachment":[{"href":"http:\/\/thebestbijoux.fr\/index.php\/wp-json\/wp\/v2\/media?parent=9067"}],"curies":[{"name":"wp","href":"https:\/\/api.w.org\/{rel}","templated":true}]}}