{"id":9037,"date":"2018-04-20T14:58:40","date_gmt":"2018-04-20T12:58:40","guid":{"rendered":"http:\/\/thebestbijoux.fr\/?post_type=product&#038;p=9037"},"modified":"2020-09-21T16:27:30","modified_gmt":"2020-09-21T14:27:30","slug":"montre-lotus-femme","status":"publish","type":"product","link":"http:\/\/thebestbijoux.fr\/index.php\/produit\/montre-lotus-femme\/","title":{"rendered":"Montre Lotus femme  \u00e9tanch\u00e9it\u00e9 5 ATM cadran rond,gris  ,bracelet m\u00e9tal ,garantie 2 ans"},"content":{"rendered":"<p><img loading=\"lazy\" class=\"alignnone size-thumbnail wp-image-9038\" src=\"http:\/\/thebestbijoux.fr\/wp-content\/uploads\/2018\/04\/IMG_5715-150x150.jpg\" alt=\"\" width=\"150\" height=\"150\" srcset=\"http:\/\/thebestbijoux.fr\/wp-content\/uploads\/2018\/04\/IMG_5715-150x150.jpg 150w, http:\/\/thebestbijoux.fr\/wp-content\/uploads\/2018\/04\/IMG_5715-300x300.jpg 300w, http:\/\/thebestbijoux.fr\/wp-content\/uploads\/2018\/04\/IMG_5715-100x100.jpg 100w, http:\/\/thebestbijoux.fr\/wp-content\/uploads\/2018\/04\/IMG_5715-75x75.jpg 75w, http:\/\/thebestbijoux.fr\/wp-content\/uploads\/2018\/04\/IMG_5715-444x444.jpg 444w\" sizes=\"(max-width: 150px) 100vw, 150px\" \/><\/p>\n<p><img loading=\"lazy\" class=\"alignnone size-thumbnail wp-image-9039\" src=\"http:\/\/thebestbijoux.fr\/wp-content\/uploads\/2018\/04\/IMG_5716-150x150.jpg\" alt=\"\" width=\"150\" height=\"150\" srcset=\"http:\/\/thebestbijoux.fr\/wp-content\/uploads\/2018\/04\/IMG_5716-150x150.jpg 150w, http:\/\/thebestbijoux.fr\/wp-content\/uploads\/2018\/04\/IMG_5716-300x300.jpg 300w, http:\/\/thebestbijoux.fr\/wp-content\/uploads\/2018\/04\/IMG_5716-100x100.jpg 100w, http:\/\/thebestbijoux.fr\/wp-content\/uploads\/2018\/04\/IMG_5716-75x75.jpg 75w, http:\/\/thebestbijoux.fr\/wp-content\/uploads\/2018\/04\/IMG_5716-444x444.jpg 444w\" sizes=\"(max-width: 150px) 100vw, 150px\" \/><\/p>\n","protected":false},"excerpt":{"rendered":"","protected":false},"featured_media":9038,"comment_status":"open","ping_status":"closed","template":"","meta":[],"_links":{"self":[{"href":"http:\/\/thebestbijoux.fr\/index.php\/wp-json\/wp\/v2\/product\/9037"}],"collection":[{"href":"http:\/\/thebestbijoux.fr\/index.php\/wp-json\/wp\/v2\/product"}],"about":[{"href":"http:\/\/thebestbijoux.fr\/index.php\/wp-json\/wp\/v2\/types\/product"}],"replies":[{"embeddable":true,"href":"http:\/\/thebestbijoux.fr\/index.php\/wp-json\/wp\/v2\/comments?post=9037"}],"wp:featuredmedia":[{"embeddable":true,"href":"http:\/\/thebestbijoux.fr\/index.php\/wp-json\/wp\/v2\/media\/9038"}],"wp:attachment":[{"href":"http:\/\/thebestbijoux.fr\/index.php\/wp-json\/wp\/v2\/media?parent=9037"}],"curies":[{"name":"wp","href":"https:\/\/api.w.org\/{rel}","templated":true}]}}