{"id":8975,"date":"2018-04-20T11:12:16","date_gmt":"2018-04-20T09:12:16","guid":{"rendered":"http:\/\/thebestbijoux.fr\/?post_type=product&#038;p=8975"},"modified":"2021-11-25T16:28:59","modified_gmt":"2021-11-25T15:28:59","slug":"8975","status":"publish","type":"product","link":"http:\/\/thebestbijoux.fr\/index.php\/produit\/8975\/","title":{"rendered":"Montre femme Lotus,cadran carr\u00e9 blanc, bracelet en m\u00e9tal, \u00e9tanch\u00e9it\u00e9 5 ATM, garantie 2 ans"},"content":{"rendered":"","protected":false},"excerpt":{"rendered":"","protected":false},"featured_media":20083,"comment_status":"open","ping_status":"closed","template":"","meta":[],"_links":{"self":[{"href":"http:\/\/thebestbijoux.fr\/index.php\/wp-json\/wp\/v2\/product\/8975"}],"collection":[{"href":"http:\/\/thebestbijoux.fr\/index.php\/wp-json\/wp\/v2\/product"}],"about":[{"href":"http:\/\/thebestbijoux.fr\/index.php\/wp-json\/wp\/v2\/types\/product"}],"replies":[{"embeddable":true,"href":"http:\/\/thebestbijoux.fr\/index.php\/wp-json\/wp\/v2\/comments?post=8975"}],"wp:featuredmedia":[{"embeddable":true,"href":"http:\/\/thebestbijoux.fr\/index.php\/wp-json\/wp\/v2\/media\/20083"}],"wp:attachment":[{"href":"http:\/\/thebestbijoux.fr\/index.php\/wp-json\/wp\/v2\/media?parent=8975"}],"curies":[{"name":"wp","href":"https:\/\/api.w.org\/{rel}","templated":true}]}}