{"id":8777,"date":"2018-04-17T15:07:00","date_gmt":"2018-04-17T13:07:00","guid":{"rendered":"http:\/\/thebestbijoux.fr\/?post_type=product&#038;p=8777"},"modified":"2022-05-12T10:44:57","modified_gmt":"2022-05-12T08:44:57","slug":"montre-enfant-electronique-11","status":"publish","type":"product","link":"http:\/\/thebestbijoux.fr\/index.php\/produit\/montre-enfant-electronique-11\/","title":{"rendered":"Montre Festina femme,cadran rond mauve aux cristaux ,bracelet en cuir couleur mauve,\u00e9tanch\u00e9it\u00e9 5 ATM,garantie 2 ans"},"content":{"rendered":"","protected":false},"excerpt":{"rendered":"","protected":false},"featured_media":20123,"comment_status":"open","ping_status":"closed","template":"","meta":[],"_links":{"self":[{"href":"http:\/\/thebestbijoux.fr\/index.php\/wp-json\/wp\/v2\/product\/8777"}],"collection":[{"href":"http:\/\/thebestbijoux.fr\/index.php\/wp-json\/wp\/v2\/product"}],"about":[{"href":"http:\/\/thebestbijoux.fr\/index.php\/wp-json\/wp\/v2\/types\/product"}],"replies":[{"embeddable":true,"href":"http:\/\/thebestbijoux.fr\/index.php\/wp-json\/wp\/v2\/comments?post=8777"}],"wp:featuredmedia":[{"embeddable":true,"href":"http:\/\/thebestbijoux.fr\/index.php\/wp-json\/wp\/v2\/media\/20123"}],"wp:attachment":[{"href":"http:\/\/thebestbijoux.fr\/index.php\/wp-json\/wp\/v2\/media?parent=8777"}],"curies":[{"name":"wp","href":"https:\/\/api.w.org\/{rel}","templated":true}]}}