{"id":8769,"date":"2018-04-17T15:00:29","date_gmt":"2018-04-17T13:00:29","guid":{"rendered":"http:\/\/thebestbijoux.fr\/?post_type=product&#038;p=8769"},"modified":"2020-09-21T18:51:07","modified_gmt":"2020-09-21T16:51:07","slug":"montre-enfant","status":"publish","type":"product","link":"http:\/\/thebestbijoux.fr\/index.php\/produit\/montre-enfant\/","title":{"rendered":"Montre Lotus femme ,cadran rond,or,bracelet en m\u00e9tal ,acier dor\u00e9 ,\u00e9tanche 5 ATM"},"content":{"rendered":"","protected":false},"excerpt":{"rendered":"","protected":false},"featured_media":18066,"comment_status":"open","ping_status":"closed","template":"","meta":[],"_links":{"self":[{"href":"http:\/\/thebestbijoux.fr\/index.php\/wp-json\/wp\/v2\/product\/8769"}],"collection":[{"href":"http:\/\/thebestbijoux.fr\/index.php\/wp-json\/wp\/v2\/product"}],"about":[{"href":"http:\/\/thebestbijoux.fr\/index.php\/wp-json\/wp\/v2\/types\/product"}],"replies":[{"embeddable":true,"href":"http:\/\/thebestbijoux.fr\/index.php\/wp-json\/wp\/v2\/comments?post=8769"}],"wp:featuredmedia":[{"embeddable":true,"href":"http:\/\/thebestbijoux.fr\/index.php\/wp-json\/wp\/v2\/media\/18066"}],"wp:attachment":[{"href":"http:\/\/thebestbijoux.fr\/index.php\/wp-json\/wp\/v2\/media?parent=8769"}],"curies":[{"name":"wp","href":"https:\/\/api.w.org\/{rel}","templated":true}]}}