{"id":8766,"date":"2018-04-17T14:59:02","date_gmt":"2018-04-17T12:59:02","guid":{"rendered":"http:\/\/thebestbijoux.fr\/?post_type=product&#038;p=8766"},"modified":"2020-09-22T12:40:28","modified_gmt":"2020-09-22T10:40:28","slug":"montre-enfant-electronique-7","status":"publish","type":"product","link":"http:\/\/thebestbijoux.fr\/index.php\/produit\/montre-enfant-electronique-7\/","title":{"rendered":"Montre homme Festina ,cadran rond ,noir,chiffr\u00e9 avec le calendrier et semainier,bracelet en m\u00e9tal,\u00e9tanche 10 ATM,garantie 2 ans"},"content":{"rendered":"","protected":false},"excerpt":{"rendered":"","protected":false},"featured_media":18092,"comment_status":"open","ping_status":"closed","template":"","meta":[],"_links":{"self":[{"href":"http:\/\/thebestbijoux.fr\/index.php\/wp-json\/wp\/v2\/product\/8766"}],"collection":[{"href":"http:\/\/thebestbijoux.fr\/index.php\/wp-json\/wp\/v2\/product"}],"about":[{"href":"http:\/\/thebestbijoux.fr\/index.php\/wp-json\/wp\/v2\/types\/product"}],"replies":[{"embeddable":true,"href":"http:\/\/thebestbijoux.fr\/index.php\/wp-json\/wp\/v2\/comments?post=8766"}],"wp:featuredmedia":[{"embeddable":true,"href":"http:\/\/thebestbijoux.fr\/index.php\/wp-json\/wp\/v2\/media\/18092"}],"wp:attachment":[{"href":"http:\/\/thebestbijoux.fr\/index.php\/wp-json\/wp\/v2\/media?parent=8766"}],"curies":[{"name":"wp","href":"https:\/\/api.w.org\/{rel}","templated":true}]}}