{"id":8746,"date":"2018-04-16T18:27:27","date_gmt":"2018-04-16T16:27:27","guid":{"rendered":"http:\/\/thebestbijoux.fr\/?post_type=product&#038;p=8746"},"modified":"2022-01-24T18:49:52","modified_gmt":"2022-01-24T17:49:52","slug":"montre-enfant-electronique-6","status":"publish","type":"product","link":"http:\/\/thebestbijoux.fr\/index.php\/produit\/montre-enfant-electronique-6\/","title":{"rendered":"Montre homme Lotus, cadran rond gris avec calendrier, bracelet en m\u00e9tal, \u00e9tanch\u00e9it\u00e9 10 ATM, garantie 2 ans(non disponible)"},"content":{"rendered":"","protected":false},"excerpt":{"rendered":"","protected":false},"featured_media":20221,"comment_status":"open","ping_status":"closed","template":"","meta":[],"_links":{"self":[{"href":"http:\/\/thebestbijoux.fr\/index.php\/wp-json\/wp\/v2\/product\/8746"}],"collection":[{"href":"http:\/\/thebestbijoux.fr\/index.php\/wp-json\/wp\/v2\/product"}],"about":[{"href":"http:\/\/thebestbijoux.fr\/index.php\/wp-json\/wp\/v2\/types\/product"}],"replies":[{"embeddable":true,"href":"http:\/\/thebestbijoux.fr\/index.php\/wp-json\/wp\/v2\/comments?post=8746"}],"wp:featuredmedia":[{"embeddable":true,"href":"http:\/\/thebestbijoux.fr\/index.php\/wp-json\/wp\/v2\/media\/20221"}],"wp:attachment":[{"href":"http:\/\/thebestbijoux.fr\/index.php\/wp-json\/wp\/v2\/media?parent=8746"}],"curies":[{"name":"wp","href":"https:\/\/api.w.org\/{rel}","templated":true}]}}