{"id":8742,"date":"2018-04-16T18:17:55","date_gmt":"2018-04-16T16:17:55","guid":{"rendered":"http:\/\/thebestbijoux.fr\/?post_type=product&#038;p=8742"},"modified":"2024-04-13T12:06:11","modified_gmt":"2024-04-13T10:06:11","slug":"montre-enfant-electronique-5","status":"publish","type":"product","link":"http:\/\/thebestbijoux.fr\/index.php\/produit\/montre-enfant-electronique-5\/","title":{"rendered":"Montre homme Festina ,multifonctions cadran rond bleu , bracelet en m\u00e9tal acier , \u00e9tanch\u00e9it\u00e9 10 ATM,garantie 2 ans(non disponible)"},"content":{"rendered":"","protected":false},"excerpt":{"rendered":"","protected":false},"featured_media":23002,"comment_status":"open","ping_status":"closed","template":"","meta":[],"_links":{"self":[{"href":"http:\/\/thebestbijoux.fr\/index.php\/wp-json\/wp\/v2\/product\/8742"}],"collection":[{"href":"http:\/\/thebestbijoux.fr\/index.php\/wp-json\/wp\/v2\/product"}],"about":[{"href":"http:\/\/thebestbijoux.fr\/index.php\/wp-json\/wp\/v2\/types\/product"}],"replies":[{"embeddable":true,"href":"http:\/\/thebestbijoux.fr\/index.php\/wp-json\/wp\/v2\/comments?post=8742"}],"wp:featuredmedia":[{"embeddable":true,"href":"http:\/\/thebestbijoux.fr\/index.php\/wp-json\/wp\/v2\/media\/23002"}],"wp:attachment":[{"href":"http:\/\/thebestbijoux.fr\/index.php\/wp-json\/wp\/v2\/media?parent=8742"}],"curies":[{"name":"wp","href":"https:\/\/api.w.org\/{rel}","templated":true}]}}