{"id":7859,"date":"2018-03-21T15:04:31","date_gmt":"2018-03-21T14:04:31","guid":{"rendered":"http:\/\/thebestbijoux.fr\/?post_type=product&#038;p=7859"},"modified":"2024-04-13T12:01:04","modified_gmt":"2024-04-13T10:01:04","slug":"7859","status":"publish","type":"product","link":"http:\/\/thebestbijoux.fr\/index.php\/produit\/7859\/","title":{"rendered":"Montre homme Fesina ,cadran rond noir avec calendrier, \u00e9tanch\u00e9it\u00e9 20 ATM garantie 2 ans(non disponible)"},"content":{"rendered":"","protected":false},"excerpt":{"rendered":"","protected":false},"featured_media":21881,"comment_status":"open","ping_status":"closed","template":"","meta":[],"_links":{"self":[{"href":"http:\/\/thebestbijoux.fr\/index.php\/wp-json\/wp\/v2\/product\/7859"}],"collection":[{"href":"http:\/\/thebestbijoux.fr\/index.php\/wp-json\/wp\/v2\/product"}],"about":[{"href":"http:\/\/thebestbijoux.fr\/index.php\/wp-json\/wp\/v2\/types\/product"}],"replies":[{"embeddable":true,"href":"http:\/\/thebestbijoux.fr\/index.php\/wp-json\/wp\/v2\/comments?post=7859"}],"wp:featuredmedia":[{"embeddable":true,"href":"http:\/\/thebestbijoux.fr\/index.php\/wp-json\/wp\/v2\/media\/21881"}],"wp:attachment":[{"href":"http:\/\/thebestbijoux.fr\/index.php\/wp-json\/wp\/v2\/media?parent=7859"}],"curies":[{"name":"wp","href":"https:\/\/api.w.org\/{rel}","templated":true}]}}