{"id":4079,"date":"2018-02-16T08:28:57","date_gmt":"2018-02-16T07:28:57","guid":{"rendered":"http:\/\/thebestbijoux.fr\/?post_type=product&#038;p=4079"},"modified":"2024-04-13T12:26:43","modified_gmt":"2024-04-13T10:26:43","slug":"montre-44","status":"publish","type":"product","link":"http:\/\/thebestbijoux.fr\/index.php\/produit\/montre-44\/","title":{"rendered":"Montre homme Festina,multifonctions,cadran rond noir , bracelet en m\u00e9tal dor\u00e9, \u00e9tanch\u00e9it\u00e9 10 ATM(non disponible)"},"content":{"rendered":"<p>montre cadran blanc<\/p>\n","protected":false},"excerpt":{"rendered":"<p>montre cadran blanc<\/p>\n","protected":false},"featured_media":20174,"comment_status":"open","ping_status":"closed","template":"","meta":[],"_links":{"self":[{"href":"http:\/\/thebestbijoux.fr\/index.php\/wp-json\/wp\/v2\/product\/4079"}],"collection":[{"href":"http:\/\/thebestbijoux.fr\/index.php\/wp-json\/wp\/v2\/product"}],"about":[{"href":"http:\/\/thebestbijoux.fr\/index.php\/wp-json\/wp\/v2\/types\/product"}],"replies":[{"embeddable":true,"href":"http:\/\/thebestbijoux.fr\/index.php\/wp-json\/wp\/v2\/comments?post=4079"}],"wp:featuredmedia":[{"embeddable":true,"href":"http:\/\/thebestbijoux.fr\/index.php\/wp-json\/wp\/v2\/media\/20174"}],"wp:attachment":[{"href":"http:\/\/thebestbijoux.fr\/index.php\/wp-json\/wp\/v2\/media?parent=4079"}],"curies":[{"name":"wp","href":"https:\/\/api.w.org\/{rel}","templated":true}]}}