{"id":4045,"date":"2018-02-14T17:19:47","date_gmt":"2018-02-14T16:19:47","guid":{"rendered":"http:\/\/thebestbijoux.fr\/?post_type=product&#038;p=4045"},"modified":"2022-12-08T10:44:14","modified_gmt":"2022-12-08T09:44:14","slug":"montre-42","status":"publish","type":"product","link":"http:\/\/thebestbijoux.fr\/index.php\/produit\/montre-42\/","title":{"rendered":"Montre homme Festina multifonctions,cadran carr\u00e9 bleu fonc\u00e9,bracelet en cuir bleu fonc\u00e9, \u00e9tanch\u00e9it\u00e9 5 ATM, garantie 2 ans"},"content":{"rendered":"<p>montre<\/p>\n","protected":false},"excerpt":{"rendered":"<p>montre<\/p>\n","protected":false},"featured_media":21875,"comment_status":"open","ping_status":"closed","template":"","meta":[],"_links":{"self":[{"href":"http:\/\/thebestbijoux.fr\/index.php\/wp-json\/wp\/v2\/product\/4045"}],"collection":[{"href":"http:\/\/thebestbijoux.fr\/index.php\/wp-json\/wp\/v2\/product"}],"about":[{"href":"http:\/\/thebestbijoux.fr\/index.php\/wp-json\/wp\/v2\/types\/product"}],"replies":[{"embeddable":true,"href":"http:\/\/thebestbijoux.fr\/index.php\/wp-json\/wp\/v2\/comments?post=4045"}],"wp:featuredmedia":[{"embeddable":true,"href":"http:\/\/thebestbijoux.fr\/index.php\/wp-json\/wp\/v2\/media\/21875"}],"wp:attachment":[{"href":"http:\/\/thebestbijoux.fr\/index.php\/wp-json\/wp\/v2\/media?parent=4045"}],"curies":[{"name":"wp","href":"https:\/\/api.w.org\/{rel}","templated":true}]}}