{"id":4043,"date":"2018-02-14T17:19:09","date_gmt":"2018-02-14T16:19:09","guid":{"rendered":"http:\/\/thebestbijoux.fr\/?post_type=product&#038;p=4043"},"modified":"2024-01-04T12:37:04","modified_gmt":"2024-01-04T11:37:04","slug":"montre-41","status":"publish","type":"product","link":"http:\/\/thebestbijoux.fr\/index.php\/produit\/montre-41\/","title":{"rendered":"Montre homme Festina , cadran rond bleu ,montre multifonctions,bracelet en m\u00e9tal, \u00e9tanch\u00e9it\u00e9 10 ATM,garantie 2 ans"},"content":{"rendered":"<p>montre femme<\/p>\n","protected":false},"excerpt":{"rendered":"<p>montre femme<\/p>\n","protected":false},"featured_media":22998,"comment_status":"open","ping_status":"closed","template":"","meta":[],"_links":{"self":[{"href":"http:\/\/thebestbijoux.fr\/index.php\/wp-json\/wp\/v2\/product\/4043"}],"collection":[{"href":"http:\/\/thebestbijoux.fr\/index.php\/wp-json\/wp\/v2\/product"}],"about":[{"href":"http:\/\/thebestbijoux.fr\/index.php\/wp-json\/wp\/v2\/types\/product"}],"replies":[{"embeddable":true,"href":"http:\/\/thebestbijoux.fr\/index.php\/wp-json\/wp\/v2\/comments?post=4043"}],"wp:featuredmedia":[{"embeddable":true,"href":"http:\/\/thebestbijoux.fr\/index.php\/wp-json\/wp\/v2\/media\/22998"}],"wp:attachment":[{"href":"http:\/\/thebestbijoux.fr\/index.php\/wp-json\/wp\/v2\/media?parent=4043"}],"curies":[{"name":"wp","href":"https:\/\/api.w.org\/{rel}","templated":true}]}}