{"id":4026,"date":"2018-02-14T17:13:32","date_gmt":"2018-02-14T16:13:32","guid":{"rendered":"http:\/\/thebestbijoux.fr\/?post_type=product&#038;p=4026"},"modified":"2022-10-03T17:28:39","modified_gmt":"2022-10-03T15:28:39","slug":"montre-33","status":"publish","type":"product","link":"http:\/\/thebestbijoux.fr\/index.php\/produit\/montre-33\/","title":{"rendered":"Montre homme Lotus,cadran rond bleu fonc\u00e9,bracelet en m\u00e9tal + deuxi\u00e8me bracelet en cuir (marron),\u00e9tanch\u00e9it\u00e9 10 ATM ,garantie 2 ans(non disponible)"},"content":{"rendered":"<p>montre<\/p>\n","protected":false},"excerpt":{"rendered":"<p>montre<\/p>\n","protected":false},"featured_media":20054,"comment_status":"open","ping_status":"closed","template":"","meta":[],"_links":{"self":[{"href":"http:\/\/thebestbijoux.fr\/index.php\/wp-json\/wp\/v2\/product\/4026"}],"collection":[{"href":"http:\/\/thebestbijoux.fr\/index.php\/wp-json\/wp\/v2\/product"}],"about":[{"href":"http:\/\/thebestbijoux.fr\/index.php\/wp-json\/wp\/v2\/types\/product"}],"replies":[{"embeddable":true,"href":"http:\/\/thebestbijoux.fr\/index.php\/wp-json\/wp\/v2\/comments?post=4026"}],"wp:featuredmedia":[{"embeddable":true,"href":"http:\/\/thebestbijoux.fr\/index.php\/wp-json\/wp\/v2\/media\/20054"}],"wp:attachment":[{"href":"http:\/\/thebestbijoux.fr\/index.php\/wp-json\/wp\/v2\/media?parent=4026"}],"curies":[{"name":"wp","href":"https:\/\/api.w.org\/{rel}","templated":true}]}}