{"id":4018,"date":"2018-02-14T17:09:23","date_gmt":"2018-02-14T16:09:23","guid":{"rendered":"http:\/\/thebestbijoux.fr\/?post_type=product&#038;p=4018"},"modified":"2024-01-04T12:12:11","modified_gmt":"2024-01-04T11:12:11","slug":"montre-29","status":"publish","type":"product","link":"http:\/\/thebestbijoux.fr\/index.php\/produit\/montre-29\/","title":{"rendered":"Montre Lotus homme,cadran carr\u00e9 vert ,montre multifonctions , ,bracelet en m\u00e9tal or ,\u00e9tanch\u00e9it\u00e9 5 ATM,garantie 2 ans"},"content":{"rendered":"","protected":false},"excerpt":{"rendered":"","protected":false},"featured_media":22986,"comment_status":"open","ping_status":"closed","template":"","meta":[],"_links":{"self":[{"href":"http:\/\/thebestbijoux.fr\/index.php\/wp-json\/wp\/v2\/product\/4018"}],"collection":[{"href":"http:\/\/thebestbijoux.fr\/index.php\/wp-json\/wp\/v2\/product"}],"about":[{"href":"http:\/\/thebestbijoux.fr\/index.php\/wp-json\/wp\/v2\/types\/product"}],"replies":[{"embeddable":true,"href":"http:\/\/thebestbijoux.fr\/index.php\/wp-json\/wp\/v2\/comments?post=4018"}],"wp:featuredmedia":[{"embeddable":true,"href":"http:\/\/thebestbijoux.fr\/index.php\/wp-json\/wp\/v2\/media\/22986"}],"wp:attachment":[{"href":"http:\/\/thebestbijoux.fr\/index.php\/wp-json\/wp\/v2\/media?parent=4018"}],"curies":[{"name":"wp","href":"https:\/\/api.w.org\/{rel}","templated":true}]}}