{"id":4016,"date":"2018-02-14T17:08:43","date_gmt":"2018-02-14T16:08:43","guid":{"rendered":"http:\/\/thebestbijoux.fr\/?post_type=product&#038;p=4016"},"modified":"2024-04-13T12:36:53","modified_gmt":"2024-04-13T10:36:53","slug":"montre-28","status":"publish","type":"product","link":"http:\/\/thebestbijoux.fr\/index.php\/produit\/montre-28\/","title":{"rendered":"Montre homme Lotus multifunction,cadran rond,bleu,bracelet en metal,\u00e9tanch\u00e9it\u00e9 10 ATM,garantie 2 ans(non disponible)"},"content":{"rendered":"<p>montre<\/p>\n","protected":false},"excerpt":{"rendered":"<p>montre<\/p>\n","protected":false},"featured_media":21919,"comment_status":"open","ping_status":"closed","template":"","meta":[],"_links":{"self":[{"href":"http:\/\/thebestbijoux.fr\/index.php\/wp-json\/wp\/v2\/product\/4016"}],"collection":[{"href":"http:\/\/thebestbijoux.fr\/index.php\/wp-json\/wp\/v2\/product"}],"about":[{"href":"http:\/\/thebestbijoux.fr\/index.php\/wp-json\/wp\/v2\/types\/product"}],"replies":[{"embeddable":true,"href":"http:\/\/thebestbijoux.fr\/index.php\/wp-json\/wp\/v2\/comments?post=4016"}],"wp:featuredmedia":[{"embeddable":true,"href":"http:\/\/thebestbijoux.fr\/index.php\/wp-json\/wp\/v2\/media\/21919"}],"wp:attachment":[{"href":"http:\/\/thebestbijoux.fr\/index.php\/wp-json\/wp\/v2\/media?parent=4016"}],"curies":[{"name":"wp","href":"https:\/\/api.w.org\/{rel}","templated":true}]}}