{"id":4010,"date":"2018-02-14T17:06:36","date_gmt":"2018-02-14T16:06:36","guid":{"rendered":"http:\/\/thebestbijoux.fr\/?post_type=product&#038;p=4010"},"modified":"2024-04-13T12:29:40","modified_gmt":"2024-04-13T10:29:40","slug":"montre-25","status":"publish","type":"product","link":"http:\/\/thebestbijoux.fr\/index.php\/produit\/montre-25\/","title":{"rendered":"Montre homme Lotus multifonctions ,cadran rond,bracelet couleur or en m\u00e9tal,\u00e9tanch\u00e9it\u00e9 5 ATM ,garantie 2 ans(non disponible)"},"content":{"rendered":"","protected":false},"excerpt":{"rendered":"","protected":false},"featured_media":20051,"comment_status":"open","ping_status":"closed","template":"","meta":[],"_links":{"self":[{"href":"http:\/\/thebestbijoux.fr\/index.php\/wp-json\/wp\/v2\/product\/4010"}],"collection":[{"href":"http:\/\/thebestbijoux.fr\/index.php\/wp-json\/wp\/v2\/product"}],"about":[{"href":"http:\/\/thebestbijoux.fr\/index.php\/wp-json\/wp\/v2\/types\/product"}],"replies":[{"embeddable":true,"href":"http:\/\/thebestbijoux.fr\/index.php\/wp-json\/wp\/v2\/comments?post=4010"}],"wp:featuredmedia":[{"embeddable":true,"href":"http:\/\/thebestbijoux.fr\/index.php\/wp-json\/wp\/v2\/media\/20051"}],"wp:attachment":[{"href":"http:\/\/thebestbijoux.fr\/index.php\/wp-json\/wp\/v2\/media?parent=4010"}],"curies":[{"name":"wp","href":"https:\/\/api.w.org\/{rel}","templated":true}]}}