{"id":4006,"date":"2018-02-14T17:05:17","date_gmt":"2018-02-14T16:05:17","guid":{"rendered":"http:\/\/thebestbijoux.fr\/?post_type=product&#038;p=4006"},"modified":"2023-11-22T18:20:14","modified_gmt":"2023-11-22T17:20:14","slug":"montre-23","status":"publish","type":"product","link":"http:\/\/thebestbijoux.fr\/index.php\/produit\/montre-23\/","title":{"rendered":"Montre homme Festina ,cadran rond ,bleu fonc\u00e9,bracelet en m\u00e9tal ,\u00e9tanche 10 ATM,garantie 2 ans(non disponible)"},"content":{"rendered":"<p>montre tr\u00e8s \u00e9l\u00e9gante&nbsp; ,styl\u00e9e&nbsp; ,peut d\u00e9corer votre poign\u00e9e&nbsp; pour&nbsp; tous les jours-<\/p>\n","protected":false},"excerpt":{"rendered":"<p>montre tr\u00e8s \u00e9l\u00e9gante&nbsp; ,styl\u00e9e&nbsp; ,peut d\u00e9corer votre poign\u00e9e&nbsp; pour&nbsp; tous les jours-<\/p>\n","protected":false},"featured_media":21772,"comment_status":"open","ping_status":"closed","template":"","meta":[],"_links":{"self":[{"href":"http:\/\/thebestbijoux.fr\/index.php\/wp-json\/wp\/v2\/product\/4006"}],"collection":[{"href":"http:\/\/thebestbijoux.fr\/index.php\/wp-json\/wp\/v2\/product"}],"about":[{"href":"http:\/\/thebestbijoux.fr\/index.php\/wp-json\/wp\/v2\/types\/product"}],"replies":[{"embeddable":true,"href":"http:\/\/thebestbijoux.fr\/index.php\/wp-json\/wp\/v2\/comments?post=4006"}],"wp:featuredmedia":[{"embeddable":true,"href":"http:\/\/thebestbijoux.fr\/index.php\/wp-json\/wp\/v2\/media\/21772"}],"wp:attachment":[{"href":"http:\/\/thebestbijoux.fr\/index.php\/wp-json\/wp\/v2\/media?parent=4006"}],"curies":[{"name":"wp","href":"https:\/\/api.w.org\/{rel}","templated":true}]}}