{"id":3982,"date":"2018-02-14T16:16:56","date_gmt":"2018-02-14T15:16:56","guid":{"rendered":"http:\/\/thebestbijoux.fr\/?post_type=product&#038;p=3982"},"modified":"2020-09-23T12:00:02","modified_gmt":"2020-09-23T10:00:02","slug":"montre-11","status":"publish","type":"product","link":"http:\/\/thebestbijoux.fr\/index.php\/produit\/montre-11\/","title":{"rendered":"Montre homme Lotus ,cadran blanc,calendrier ,bracelet en cuir marron,\u00e9tanch\u00e9it\u00e9 5 ATM,garantie 2 ans"},"content":{"rendered":"<p>montre<\/p>\n","protected":false},"excerpt":{"rendered":"<p>montre<\/p>\n","protected":false},"featured_media":17851,"comment_status":"open","ping_status":"closed","template":"","meta":[],"_links":{"self":[{"href":"http:\/\/thebestbijoux.fr\/index.php\/wp-json\/wp\/v2\/product\/3982"}],"collection":[{"href":"http:\/\/thebestbijoux.fr\/index.php\/wp-json\/wp\/v2\/product"}],"about":[{"href":"http:\/\/thebestbijoux.fr\/index.php\/wp-json\/wp\/v2\/types\/product"}],"replies":[{"embeddable":true,"href":"http:\/\/thebestbijoux.fr\/index.php\/wp-json\/wp\/v2\/comments?post=3982"}],"wp:featuredmedia":[{"embeddable":true,"href":"http:\/\/thebestbijoux.fr\/index.php\/wp-json\/wp\/v2\/media\/17851"}],"wp:attachment":[{"href":"http:\/\/thebestbijoux.fr\/index.php\/wp-json\/wp\/v2\/media?parent=3982"}],"curies":[{"name":"wp","href":"https:\/\/api.w.org\/{rel}","templated":true}]}}