{"id":3649,"date":"2018-02-13T22:57:13","date_gmt":"2018-02-13T21:57:13","guid":{"rendered":"http:\/\/thebestbijoux.fr\/?post_type=product&#038;p=3649"},"modified":"2022-10-03T16:50:25","modified_gmt":"2022-10-03T14:50:25","slug":"montre-femme-3","status":"publish","type":"product","link":"http:\/\/thebestbijoux.fr\/index.php\/produit\/montre-femme-3\/","title":{"rendered":"Montre homme Festina , multifonctions cadran rond blanc, bracelet en m\u00e9tal, \u00e9tanch\u00e9it\u00e9 10 ATM,garantie 2 ans(non disponible)"},"content":{"rendered":"<p>montre<\/p>\n","protected":false},"excerpt":{"rendered":"<p>montre<\/p>\n","protected":false},"featured_media":20356,"comment_status":"open","ping_status":"closed","template":"","meta":[],"_links":{"self":[{"href":"http:\/\/thebestbijoux.fr\/index.php\/wp-json\/wp\/v2\/product\/3649"}],"collection":[{"href":"http:\/\/thebestbijoux.fr\/index.php\/wp-json\/wp\/v2\/product"}],"about":[{"href":"http:\/\/thebestbijoux.fr\/index.php\/wp-json\/wp\/v2\/types\/product"}],"replies":[{"embeddable":true,"href":"http:\/\/thebestbijoux.fr\/index.php\/wp-json\/wp\/v2\/comments?post=3649"}],"wp:featuredmedia":[{"embeddable":true,"href":"http:\/\/thebestbijoux.fr\/index.php\/wp-json\/wp\/v2\/media\/20356"}],"wp:attachment":[{"href":"http:\/\/thebestbijoux.fr\/index.php\/wp-json\/wp\/v2\/media?parent=3649"}],"curies":[{"name":"wp","href":"https:\/\/api.w.org\/{rel}","templated":true}]}}