{"id":3357,"date":"2018-02-12T00:42:01","date_gmt":"2018-02-11T23:42:01","guid":{"rendered":"http:\/\/thebestbijoux.fr\/?post_type=product&#038;p=3357"},"modified":"2022-10-26T16:33:53","modified_gmt":"2022-10-26T14:33:53","slug":"boucles-doreilles-222","status":"publish","type":"product","link":"http:\/\/thebestbijoux.fr\/index.php\/produit\/boucles-doreilles-222\/","title":{"rendered":"Boucles d&rsquo;oreilles en plaqu\u00e9 or Arbre g\u00e9n\u00e9alogique"},"content":{"rendered":"<p>boucles d&rsquo;oreilles Arbre de vie<\/p>\n","protected":false},"excerpt":{"rendered":"<p>boucles d&rsquo;oreilles Arbre de vie<\/p>\n","protected":false},"featured_media":21588,"comment_status":"open","ping_status":"closed","template":"","meta":[],"_links":{"self":[{"href":"http:\/\/thebestbijoux.fr\/index.php\/wp-json\/wp\/v2\/product\/3357"}],"collection":[{"href":"http:\/\/thebestbijoux.fr\/index.php\/wp-json\/wp\/v2\/product"}],"about":[{"href":"http:\/\/thebestbijoux.fr\/index.php\/wp-json\/wp\/v2\/types\/product"}],"replies":[{"embeddable":true,"href":"http:\/\/thebestbijoux.fr\/index.php\/wp-json\/wp\/v2\/comments?post=3357"}],"wp:featuredmedia":[{"embeddable":true,"href":"http:\/\/thebestbijoux.fr\/index.php\/wp-json\/wp\/v2\/media\/21588"}],"wp:attachment":[{"href":"http:\/\/thebestbijoux.fr\/index.php\/wp-json\/wp\/v2\/media?parent=3357"}],"curies":[{"name":"wp","href":"https:\/\/api.w.org\/{rel}","templated":true}]}}