{"id":3247,"date":"2018-02-11T16:38:38","date_gmt":"2018-02-11T15:38:38","guid":{"rendered":"http:\/\/thebestbijoux.fr\/?post_type=product&#038;p=3247"},"modified":"2020-01-09T12:09:50","modified_gmt":"2020-01-09T11:09:50","slug":"boucles-doreilles-171","status":"publish","type":"product","link":"http:\/\/thebestbijoux.fr\/index.php\/produit\/boucles-doreilles-171\/","title":{"rendered":"Boucles d&rsquo;oreilles Cr\u00e9oles torsad\u00e9es en plaqu\u00e9 or 40mm"},"content":{"rendered":"<p>boucles d&rsquo;oreilles Creoles<\/p>\n","protected":false},"excerpt":{"rendered":"<p>boucles d&rsquo;oreilles Creoles<\/p>\n","protected":false},"featured_media":12974,"comment_status":"open","ping_status":"closed","template":"","meta":[],"_links":{"self":[{"href":"http:\/\/thebestbijoux.fr\/index.php\/wp-json\/wp\/v2\/product\/3247"}],"collection":[{"href":"http:\/\/thebestbijoux.fr\/index.php\/wp-json\/wp\/v2\/product"}],"about":[{"href":"http:\/\/thebestbijoux.fr\/index.php\/wp-json\/wp\/v2\/types\/product"}],"replies":[{"embeddable":true,"href":"http:\/\/thebestbijoux.fr\/index.php\/wp-json\/wp\/v2\/comments?post=3247"}],"wp:featuredmedia":[{"embeddable":true,"href":"http:\/\/thebestbijoux.fr\/index.php\/wp-json\/wp\/v2\/media\/12974"}],"wp:attachment":[{"href":"http:\/\/thebestbijoux.fr\/index.php\/wp-json\/wp\/v2\/media?parent=3247"}],"curies":[{"name":"wp","href":"https:\/\/api.w.org\/{rel}","templated":true}]}}