{"id":3026,"date":"2018-02-10T15:27:50","date_gmt":"2018-02-10T14:27:50","guid":{"rendered":"http:\/\/thebestbijoux.fr\/?post_type=product&#038;p=3026"},"modified":"2022-10-26T15:41:08","modified_gmt":"2022-10-26T13:41:08","slug":"boucles-doreilles-91","status":"publish","type":"product","link":"http:\/\/thebestbijoux.fr\/index.php\/produit\/boucles-doreilles-91\/","title":{"rendered":"Boucles d&rsquo;oreilles \u00e0 en plaqu\u00e9 or \u00e9toiles"},"content":{"rendered":"<p>boucles d&rsquo;oreilles<\/p>\n","protected":false},"excerpt":{"rendered":"<p>boucles d&rsquo;oreilles<\/p>\n","protected":false},"featured_media":21581,"comment_status":"closed","ping_status":"closed","template":"","meta":[],"_links":{"self":[{"href":"http:\/\/thebestbijoux.fr\/index.php\/wp-json\/wp\/v2\/product\/3026"}],"collection":[{"href":"http:\/\/thebestbijoux.fr\/index.php\/wp-json\/wp\/v2\/product"}],"about":[{"href":"http:\/\/thebestbijoux.fr\/index.php\/wp-json\/wp\/v2\/types\/product"}],"replies":[{"embeddable":true,"href":"http:\/\/thebestbijoux.fr\/index.php\/wp-json\/wp\/v2\/comments?post=3026"}],"wp:featuredmedia":[{"embeddable":true,"href":"http:\/\/thebestbijoux.fr\/index.php\/wp-json\/wp\/v2\/media\/21581"}],"wp:attachment":[{"href":"http:\/\/thebestbijoux.fr\/index.php\/wp-json\/wp\/v2\/media?parent=3026"}],"curies":[{"name":"wp","href":"https:\/\/api.w.org\/{rel}","templated":true}]}}