{"id":20412,"date":"2021-12-03T12:12:24","date_gmt":"2021-12-03T11:12:24","guid":{"rendered":"http:\/\/thebestbijoux.fr\/?post_type=product&#038;p=20412"},"modified":"2024-04-13T12:08:30","modified_gmt":"2024-04-13T10:08:30","slug":"montre-homme-festina-8","status":"publish","type":"product","link":"http:\/\/thebestbijoux.fr\/index.php\/produit\/montre-homme-festina-8\/","title":{"rendered":"Montre homme Festina, multifonctions cadran carr\u00e9 gris, bracelet en m\u00e9tal, \u00e9tanch\u00e9it\u00e9 5 ATM, garantie 2 ans(non disponible)"},"content":{"rendered":"","protected":false},"excerpt":{"rendered":"","protected":false},"featured_media":20413,"comment_status":"open","ping_status":"closed","template":"","meta":[],"_links":{"self":[{"href":"http:\/\/thebestbijoux.fr\/index.php\/wp-json\/wp\/v2\/product\/20412"}],"collection":[{"href":"http:\/\/thebestbijoux.fr\/index.php\/wp-json\/wp\/v2\/product"}],"about":[{"href":"http:\/\/thebestbijoux.fr\/index.php\/wp-json\/wp\/v2\/types\/product"}],"replies":[{"embeddable":true,"href":"http:\/\/thebestbijoux.fr\/index.php\/wp-json\/wp\/v2\/comments?post=20412"}],"wp:featuredmedia":[{"embeddable":true,"href":"http:\/\/thebestbijoux.fr\/index.php\/wp-json\/wp\/v2\/media\/20413"}],"wp:attachment":[{"href":"http:\/\/thebestbijoux.fr\/index.php\/wp-json\/wp\/v2\/media?parent=20412"}],"curies":[{"name":"wp","href":"https:\/\/api.w.org\/{rel}","templated":true}]}}