{"id":20327,"date":"2021-12-02T13:00:43","date_gmt":"2021-12-02T12:00:43","guid":{"rendered":"http:\/\/thebestbijoux.fr\/?post_type=product&#038;p=20327"},"modified":"2022-05-10T19:47:36","modified_gmt":"2022-05-10T17:47:36","slug":"montre-homme-lotus-3","status":"publish","type":"product","link":"http:\/\/thebestbijoux.fr\/index.php\/produit\/montre-homme-lotus-3\/","title":{"rendered":"Montre homme Lotus, multifonctions cadran rond noir, bracelet noir en silicone,\u00e9tanch\u00e9it\u00e9 5 ATM,garantie 2 ans(non disponible )"},"content":{"rendered":"","protected":false},"excerpt":{"rendered":"","protected":false},"featured_media":20328,"comment_status":"open","ping_status":"closed","template":"","meta":[],"_links":{"self":[{"href":"http:\/\/thebestbijoux.fr\/index.php\/wp-json\/wp\/v2\/product\/20327"}],"collection":[{"href":"http:\/\/thebestbijoux.fr\/index.php\/wp-json\/wp\/v2\/product"}],"about":[{"href":"http:\/\/thebestbijoux.fr\/index.php\/wp-json\/wp\/v2\/types\/product"}],"replies":[{"embeddable":true,"href":"http:\/\/thebestbijoux.fr\/index.php\/wp-json\/wp\/v2\/comments?post=20327"}],"wp:featuredmedia":[{"embeddable":true,"href":"http:\/\/thebestbijoux.fr\/index.php\/wp-json\/wp\/v2\/media\/20328"}],"wp:attachment":[{"href":"http:\/\/thebestbijoux.fr\/index.php\/wp-json\/wp\/v2\/media?parent=20327"}],"curies":[{"name":"wp","href":"https:\/\/api.w.org\/{rel}","templated":true}]}}