{"id":20318,"date":"2021-12-02T12:30:27","date_gmt":"2021-12-02T11:30:27","guid":{"rendered":"http:\/\/thebestbijoux.fr\/?post_type=product&#038;p=20318"},"modified":"2024-04-13T12:40:40","modified_gmt":"2024-04-13T10:40:40","slug":"montre-homme-lotus","status":"publish","type":"product","link":"http:\/\/thebestbijoux.fr\/index.php\/produit\/montre-homme-lotus\/","title":{"rendered":"Montre homme Lotus, multifonctions cadran rond noir, bracelet en m\u00e9tal ,\u00e9tanch\u00e9it\u00e9 5 ATM ,garantie 2 ans(non disponible)"},"content":{"rendered":"","protected":false},"excerpt":{"rendered":"","protected":false},"featured_media":22202,"comment_status":"open","ping_status":"closed","template":"","meta":[],"_links":{"self":[{"href":"http:\/\/thebestbijoux.fr\/index.php\/wp-json\/wp\/v2\/product\/20318"}],"collection":[{"href":"http:\/\/thebestbijoux.fr\/index.php\/wp-json\/wp\/v2\/product"}],"about":[{"href":"http:\/\/thebestbijoux.fr\/index.php\/wp-json\/wp\/v2\/types\/product"}],"replies":[{"embeddable":true,"href":"http:\/\/thebestbijoux.fr\/index.php\/wp-json\/wp\/v2\/comments?post=20318"}],"wp:featuredmedia":[{"embeddable":true,"href":"http:\/\/thebestbijoux.fr\/index.php\/wp-json\/wp\/v2\/media\/22202"}],"wp:attachment":[{"href":"http:\/\/thebestbijoux.fr\/index.php\/wp-json\/wp\/v2\/media?parent=20318"}],"curies":[{"name":"wp","href":"https:\/\/api.w.org\/{rel}","templated":true}]}}