{"id":20314,"date":"2021-12-02T12:16:47","date_gmt":"2021-12-02T11:16:47","guid":{"rendered":"http:\/\/thebestbijoux.fr\/?post_type=product&#038;p=20314"},"modified":"2023-11-22T18:25:22","modified_gmt":"2023-11-22T17:25:22","slug":"montre-homme-festina-4","status":"publish","type":"product","link":"http:\/\/thebestbijoux.fr\/index.php\/produit\/montre-homme-festina-4\/","title":{"rendered":"Montre homme Festina, multifonctions cadran bleu , bracelet en m\u00e9tal, \u00e9tanch\u00e9it\u00e9 5 ATM , garantie 2 ans(non disponible)"},"content":{"rendered":"","protected":false},"excerpt":{"rendered":"","protected":false},"featured_media":21845,"comment_status":"open","ping_status":"closed","template":"","meta":[],"_links":{"self":[{"href":"http:\/\/thebestbijoux.fr\/index.php\/wp-json\/wp\/v2\/product\/20314"}],"collection":[{"href":"http:\/\/thebestbijoux.fr\/index.php\/wp-json\/wp\/v2\/product"}],"about":[{"href":"http:\/\/thebestbijoux.fr\/index.php\/wp-json\/wp\/v2\/types\/product"}],"replies":[{"embeddable":true,"href":"http:\/\/thebestbijoux.fr\/index.php\/wp-json\/wp\/v2\/comments?post=20314"}],"wp:featuredmedia":[{"embeddable":true,"href":"http:\/\/thebestbijoux.fr\/index.php\/wp-json\/wp\/v2\/media\/21845"}],"wp:attachment":[{"href":"http:\/\/thebestbijoux.fr\/index.php\/wp-json\/wp\/v2\/media?parent=20314"}],"curies":[{"name":"wp","href":"https:\/\/api.w.org\/{rel}","templated":true}]}}