{"id":20311,"date":"2021-12-02T12:09:20","date_gmt":"2021-12-02T11:09:20","guid":{"rendered":"http:\/\/thebestbijoux.fr\/?post_type=product&#038;p=20311"},"modified":"2023-03-20T17:17:12","modified_gmt":"2023-03-20T16:17:12","slug":"montre-femme-lotus-cadran-rond-noir-aux-cristaux-bracelet-noir-en-cuir-etancheite-3-atm-garantie-2-ans","status":"publish","type":"product","link":"http:\/\/thebestbijoux.fr\/index.php\/produit\/montre-femme-lotus-cadran-rond-noir-aux-cristaux-bracelet-noir-en-cuir-etancheite-3-atm-garantie-2-ans\/","title":{"rendered":"Montre femme Lotus, cadran rond noir aux cristaux, bracelet noir en cuir, \u00e9tanch\u00e9it\u00e9 3 ATM , garantie 2 ans"},"content":{"rendered":"","protected":false},"excerpt":{"rendered":"","protected":false},"featured_media":20313,"comment_status":"open","ping_status":"closed","template":"","meta":[],"_links":{"self":[{"href":"http:\/\/thebestbijoux.fr\/index.php\/wp-json\/wp\/v2\/product\/20311"}],"collection":[{"href":"http:\/\/thebestbijoux.fr\/index.php\/wp-json\/wp\/v2\/product"}],"about":[{"href":"http:\/\/thebestbijoux.fr\/index.php\/wp-json\/wp\/v2\/types\/product"}],"replies":[{"embeddable":true,"href":"http:\/\/thebestbijoux.fr\/index.php\/wp-json\/wp\/v2\/comments?post=20311"}],"wp:featuredmedia":[{"embeddable":true,"href":"http:\/\/thebestbijoux.fr\/index.php\/wp-json\/wp\/v2\/media\/20313"}],"wp:attachment":[{"href":"http:\/\/thebestbijoux.fr\/index.php\/wp-json\/wp\/v2\/media?parent=20311"}],"curies":[{"name":"wp","href":"https:\/\/api.w.org\/{rel}","templated":true}]}}