{"id":20294,"date":"2021-12-01T17:54:22","date_gmt":"2021-12-01T16:54:22","guid":{"rendered":"http:\/\/thebestbijoux.fr\/?post_type=product&#038;p=20294"},"modified":"2024-04-13T12:41:59","modified_gmt":"2024-04-13T10:41:59","slug":"montre-homme-lotuscadran-rond-noir-avec-calendrier-bracelet-noir-en-cuir-etancheite-5-atmgarantie-2-ans","status":"publish","type":"product","link":"http:\/\/thebestbijoux.fr\/index.php\/produit\/montre-homme-lotuscadran-rond-noir-avec-calendrier-bracelet-noir-en-cuir-etancheite-5-atmgarantie-2-ans\/","title":{"rendered":"Montre homme Lotus,cadran rond noir avec calendrier, bracelet noir en cuir , \u00e9tanch\u00e9it\u00e9 5 ATM,garantie 2 ans(non disponible)"},"content":{"rendered":"","protected":false},"excerpt":{"rendered":"","protected":false},"featured_media":20295,"comment_status":"open","ping_status":"closed","template":"","meta":[],"_links":{"self":[{"href":"http:\/\/thebestbijoux.fr\/index.php\/wp-json\/wp\/v2\/product\/20294"}],"collection":[{"href":"http:\/\/thebestbijoux.fr\/index.php\/wp-json\/wp\/v2\/product"}],"about":[{"href":"http:\/\/thebestbijoux.fr\/index.php\/wp-json\/wp\/v2\/types\/product"}],"replies":[{"embeddable":true,"href":"http:\/\/thebestbijoux.fr\/index.php\/wp-json\/wp\/v2\/comments?post=20294"}],"wp:featuredmedia":[{"embeddable":true,"href":"http:\/\/thebestbijoux.fr\/index.php\/wp-json\/wp\/v2\/media\/20295"}],"wp:attachment":[{"href":"http:\/\/thebestbijoux.fr\/index.php\/wp-json\/wp\/v2\/media?parent=20294"}],"curies":[{"name":"wp","href":"https:\/\/api.w.org\/{rel}","templated":true}]}}