{"id":20248,"date":"2021-11-30T11:55:55","date_gmt":"2021-11-30T10:55:55","guid":{"rendered":"http:\/\/thebestbijoux.fr\/?post_type=product&#038;p=20248"},"modified":"2022-12-13T11:08:52","modified_gmt":"2022-12-13T10:08:52","slug":"montre-femme-lotus-cadran-rond-noir-aux-cristaux-swarovskibracelet-en-metal-etancheite-5-atm-garantie-2-ans","status":"publish","type":"product","link":"http:\/\/thebestbijoux.fr\/index.php\/produit\/montre-femme-lotus-cadran-rond-noir-aux-cristaux-swarovskibracelet-en-metal-etancheite-5-atm-garantie-2-ans\/","title":{"rendered":"Montre femme festina,cadran rond aux cristaux,bracelet en m\u00e9tal couleur en or,\u00e9tanch\u00e9it\u00e9 5 ATM, garantie 2 ans"},"content":{"rendered":"","protected":false},"excerpt":{"rendered":"","protected":false},"featured_media":21938,"comment_status":"open","ping_status":"closed","template":"","meta":[],"_links":{"self":[{"href":"http:\/\/thebestbijoux.fr\/index.php\/wp-json\/wp\/v2\/product\/20248"}],"collection":[{"href":"http:\/\/thebestbijoux.fr\/index.php\/wp-json\/wp\/v2\/product"}],"about":[{"href":"http:\/\/thebestbijoux.fr\/index.php\/wp-json\/wp\/v2\/types\/product"}],"replies":[{"embeddable":true,"href":"http:\/\/thebestbijoux.fr\/index.php\/wp-json\/wp\/v2\/comments?post=20248"}],"wp:featuredmedia":[{"embeddable":true,"href":"http:\/\/thebestbijoux.fr\/index.php\/wp-json\/wp\/v2\/media\/21938"}],"wp:attachment":[{"href":"http:\/\/thebestbijoux.fr\/index.php\/wp-json\/wp\/v2\/media?parent=20248"}],"curies":[{"name":"wp","href":"https:\/\/api.w.org\/{rel}","templated":true}]}}