{"id":20244,"date":"2021-11-30T11:44:12","date_gmt":"2021-11-30T10:44:12","guid":{"rendered":"http:\/\/thebestbijoux.fr\/?post_type=product&#038;p=20244"},"modified":"2021-12-01T18:08:27","modified_gmt":"2021-12-01T17:08:27","slug":"montre-femme-lotus-3","status":"publish","type":"product","link":"http:\/\/thebestbijoux.fr\/index.php\/produit\/montre-femme-lotus-3\/","title":{"rendered":"Montre femme Lotus, cadran rond bleu fonc\u00e9, bracelet en m\u00e9tal aux cristaux, \u00e9tanch\u00e9it\u00e9 5 ATM, garantie 2 ans"},"content":{"rendered":"","protected":false},"excerpt":{"rendered":"","protected":false},"featured_media":20245,"comment_status":"open","ping_status":"closed","template":"","meta":[],"_links":{"self":[{"href":"http:\/\/thebestbijoux.fr\/index.php\/wp-json\/wp\/v2\/product\/20244"}],"collection":[{"href":"http:\/\/thebestbijoux.fr\/index.php\/wp-json\/wp\/v2\/product"}],"about":[{"href":"http:\/\/thebestbijoux.fr\/index.php\/wp-json\/wp\/v2\/types\/product"}],"replies":[{"embeddable":true,"href":"http:\/\/thebestbijoux.fr\/index.php\/wp-json\/wp\/v2\/comments?post=20244"}],"wp:featuredmedia":[{"embeddable":true,"href":"http:\/\/thebestbijoux.fr\/index.php\/wp-json\/wp\/v2\/media\/20245"}],"wp:attachment":[{"href":"http:\/\/thebestbijoux.fr\/index.php\/wp-json\/wp\/v2\/media?parent=20244"}],"curies":[{"name":"wp","href":"https:\/\/api.w.org\/{rel}","templated":true}]}}