{"id":20239,"date":"2021-11-30T11:16:11","date_gmt":"2021-11-30T10:16:11","guid":{"rendered":"http:\/\/thebestbijoux.fr\/?post_type=product&#038;p=20239"},"modified":"2024-01-04T12:24:04","modified_gmt":"2024-01-04T11:24:04","slug":"montre-femme-lotus-2","status":"publish","type":"product","link":"http:\/\/thebestbijoux.fr\/index.php\/produit\/montre-femme-lotus-2\/","title":{"rendered":"Montre femme Lotus, cadran rond rose aux cristaux bracelet en m\u00e9tal , \u00e9tanch\u00e9it\u00e9 5 ATM, garantie 2 ans"},"content":{"rendered":"","protected":false},"excerpt":{"rendered":"","protected":false},"featured_media":20240,"comment_status":"open","ping_status":"closed","template":"","meta":[],"_links":{"self":[{"href":"http:\/\/thebestbijoux.fr\/index.php\/wp-json\/wp\/v2\/product\/20239"}],"collection":[{"href":"http:\/\/thebestbijoux.fr\/index.php\/wp-json\/wp\/v2\/product"}],"about":[{"href":"http:\/\/thebestbijoux.fr\/index.php\/wp-json\/wp\/v2\/types\/product"}],"replies":[{"embeddable":true,"href":"http:\/\/thebestbijoux.fr\/index.php\/wp-json\/wp\/v2\/comments?post=20239"}],"wp:featuredmedia":[{"embeddable":true,"href":"http:\/\/thebestbijoux.fr\/index.php\/wp-json\/wp\/v2\/media\/20240"}],"wp:attachment":[{"href":"http:\/\/thebestbijoux.fr\/index.php\/wp-json\/wp\/v2\/media?parent=20239"}],"curies":[{"name":"wp","href":"https:\/\/api.w.org\/{rel}","templated":true}]}}