{"id":18125,"date":"2020-09-23T15:46:31","date_gmt":"2020-09-23T13:46:31","guid":{"rendered":"http:\/\/thebestbijoux.fr\/?post_type=product&#038;p=18125"},"modified":"2024-04-13T12:00:06","modified_gmt":"2024-04-13T10:00:06","slug":"montre-3","status":"publish","type":"product","link":"http:\/\/thebestbijoux.fr\/index.php\/produit\/montre-3\/","title":{"rendered":"Montre homme  Festina multifonctions,cadran rond ,bracelet en m\u00e9tal  , \u00e9tanch\u00e9it\u00e9 10ATM,garantie 2 ans(non disponible)"},"content":{"rendered":"","protected":false},"excerpt":{"rendered":"","protected":false},"featured_media":22993,"comment_status":"open","ping_status":"closed","template":"","meta":[],"_links":{"self":[{"href":"http:\/\/thebestbijoux.fr\/index.php\/wp-json\/wp\/v2\/product\/18125"}],"collection":[{"href":"http:\/\/thebestbijoux.fr\/index.php\/wp-json\/wp\/v2\/product"}],"about":[{"href":"http:\/\/thebestbijoux.fr\/index.php\/wp-json\/wp\/v2\/types\/product"}],"replies":[{"embeddable":true,"href":"http:\/\/thebestbijoux.fr\/index.php\/wp-json\/wp\/v2\/comments?post=18125"}],"wp:featuredmedia":[{"embeddable":true,"href":"http:\/\/thebestbijoux.fr\/index.php\/wp-json\/wp\/v2\/media\/22993"}],"wp:attachment":[{"href":"http:\/\/thebestbijoux.fr\/index.php\/wp-json\/wp\/v2\/media?parent=18125"}],"curies":[{"name":"wp","href":"https:\/\/api.w.org\/{rel}","templated":true}]}}