{"id":13723,"date":"2018-12-13T16:22:28","date_gmt":"2018-12-13T15:22:28","guid":{"rendered":"http:\/\/thebestbijoux.fr\/?post_type=product&#038;p=13723"},"modified":"2019-07-01T12:47:56","modified_gmt":"2019-07-01T10:47:56","slug":"boucles-doreilles-creoles-torsadees-en-plaque-or-18mm","status":"publish","type":"product","link":"http:\/\/thebestbijoux.fr\/index.php\/produit\/boucles-doreilles-creoles-torsadees-en-plaque-or-18mm\/","title":{"rendered":"Boucles d&rsquo;oreilles Cr\u00e9oles Torsad\u00e9es en plaqu\u00e9 or 18mm(non disponible )"},"content":{"rendered":"","protected":false},"excerpt":{"rendered":"","protected":false},"featured_media":13724,"comment_status":"open","ping_status":"closed","template":"","meta":[],"_links":{"self":[{"href":"http:\/\/thebestbijoux.fr\/index.php\/wp-json\/wp\/v2\/product\/13723"}],"collection":[{"href":"http:\/\/thebestbijoux.fr\/index.php\/wp-json\/wp\/v2\/product"}],"about":[{"href":"http:\/\/thebestbijoux.fr\/index.php\/wp-json\/wp\/v2\/types\/product"}],"replies":[{"embeddable":true,"href":"http:\/\/thebestbijoux.fr\/index.php\/wp-json\/wp\/v2\/comments?post=13723"}],"wp:featuredmedia":[{"embeddable":true,"href":"http:\/\/thebestbijoux.fr\/index.php\/wp-json\/wp\/v2\/media\/13724"}],"wp:attachment":[{"href":"http:\/\/thebestbijoux.fr\/index.php\/wp-json\/wp\/v2\/media?parent=13723"}],"curies":[{"name":"wp","href":"https:\/\/api.w.org\/{rel}","templated":true}]}}