{"id":1275,"date":"2018-01-31T22:20:29","date_gmt":"2018-01-31T21:20:29","guid":{"rendered":"http:\/\/thebestbijoux.fr\/?post_type=product&#038;p=1275"},"modified":"2024-01-10T10:37:35","modified_gmt":"2024-01-10T09:37:35","slug":"boucles-doreilles-creoles-38","status":"publish","type":"product","link":"http:\/\/thebestbijoux.fr\/index.php\/produit\/boucles-doreilles-creoles-38\/","title":{"rendered":"Boucles d&rsquo;oreilles Cr\u00e9oles en plaqu\u00e9 or 33mm"},"content":{"rendered":"<p>Boucles d&rsquo;oreilles Cr\u00e9oles 33mm<\/p>\n","protected":false},"excerpt":{"rendered":"<p>Boucles d&rsquo;oreilles Cr\u00e9oles 33mm<\/p>\n","protected":false},"featured_media":23010,"comment_status":"open","ping_status":"closed","template":"","meta":[],"_links":{"self":[{"href":"http:\/\/thebestbijoux.fr\/index.php\/wp-json\/wp\/v2\/product\/1275"}],"collection":[{"href":"http:\/\/thebestbijoux.fr\/index.php\/wp-json\/wp\/v2\/product"}],"about":[{"href":"http:\/\/thebestbijoux.fr\/index.php\/wp-json\/wp\/v2\/types\/product"}],"replies":[{"embeddable":true,"href":"http:\/\/thebestbijoux.fr\/index.php\/wp-json\/wp\/v2\/comments?post=1275"}],"wp:featuredmedia":[{"embeddable":true,"href":"http:\/\/thebestbijoux.fr\/index.php\/wp-json\/wp\/v2\/media\/23010"}],"wp:attachment":[{"href":"http:\/\/thebestbijoux.fr\/index.php\/wp-json\/wp\/v2\/media?parent=1275"}],"curies":[{"name":"wp","href":"https:\/\/api.w.org\/{rel}","templated":true}]}}