{"id":1269,"date":"2018-01-31T22:15:48","date_gmt":"2018-01-31T21:15:48","guid":{"rendered":"http:\/\/thebestbijoux.fr\/?post_type=product&#038;p=1269"},"modified":"2018-10-01T17:16:49","modified_gmt":"2018-10-01T15:16:49","slug":"boucles-doreilles-creoles-35","status":"publish","type":"product","link":"http:\/\/thebestbijoux.fr\/index.php\/produit\/boucles-doreilles-creoles-35\/","title":{"rendered":"Boucles d&rsquo;oreilles Cr\u00e9oles plaqu\u00e9 or 25mm"},"content":{"rendered":"<p>Boucles d&rsquo;oreilles Cr\u00e9oles 25mm<\/p>\n","protected":false},"excerpt":{"rendered":"<p>Boucles d&rsquo;oreilles Cr\u00e9oles 25mm<\/p>\n","protected":false},"featured_media":12845,"comment_status":"open","ping_status":"closed","template":"","meta":[],"_links":{"self":[{"href":"http:\/\/thebestbijoux.fr\/index.php\/wp-json\/wp\/v2\/product\/1269"}],"collection":[{"href":"http:\/\/thebestbijoux.fr\/index.php\/wp-json\/wp\/v2\/product"}],"about":[{"href":"http:\/\/thebestbijoux.fr\/index.php\/wp-json\/wp\/v2\/types\/product"}],"replies":[{"embeddable":true,"href":"http:\/\/thebestbijoux.fr\/index.php\/wp-json\/wp\/v2\/comments?post=1269"}],"wp:featuredmedia":[{"embeddable":true,"href":"http:\/\/thebestbijoux.fr\/index.php\/wp-json\/wp\/v2\/media\/12845"}],"wp:attachment":[{"href":"http:\/\/thebestbijoux.fr\/index.php\/wp-json\/wp\/v2\/media?parent=1269"}],"curies":[{"name":"wp","href":"https:\/\/api.w.org\/{rel}","templated":true}]}}