{"id":1263,"date":"2018-01-31T22:09:58","date_gmt":"2018-01-31T21:09:58","guid":{"rendered":"http:\/\/thebestbijoux.fr\/?post_type=product&#038;p=1263"},"modified":"2022-10-19T11:11:17","modified_gmt":"2022-10-19T09:11:17","slug":"boucles-doreilles-creoles-32","status":"publish","type":"product","link":"http:\/\/thebestbijoux.fr\/index.php\/produit\/boucles-doreilles-creoles-32\/","title":{"rendered":"Boucles d&rsquo;oreilles Cr\u00e9oles 35mm en plaqu\u00e9 or"},"content":{"rendered":"<p>Boucles d&rsquo;oreilles Cr\u00e9oles 35mm<\/p>\n","protected":false},"excerpt":{"rendered":"<p>Boucles d&rsquo;oreilles Cr\u00e9oles 35mm<\/p>\n","protected":false},"featured_media":12849,"comment_status":"open","ping_status":"closed","template":"","meta":[],"_links":{"self":[{"href":"http:\/\/thebestbijoux.fr\/index.php\/wp-json\/wp\/v2\/product\/1263"}],"collection":[{"href":"http:\/\/thebestbijoux.fr\/index.php\/wp-json\/wp\/v2\/product"}],"about":[{"href":"http:\/\/thebestbijoux.fr\/index.php\/wp-json\/wp\/v2\/types\/product"}],"replies":[{"embeddable":true,"href":"http:\/\/thebestbijoux.fr\/index.php\/wp-json\/wp\/v2\/comments?post=1263"}],"wp:featuredmedia":[{"embeddable":true,"href":"http:\/\/thebestbijoux.fr\/index.php\/wp-json\/wp\/v2\/media\/12849"}],"wp:attachment":[{"href":"http:\/\/thebestbijoux.fr\/index.php\/wp-json\/wp\/v2\/media?parent=1263"}],"curies":[{"name":"wp","href":"https:\/\/api.w.org\/{rel}","templated":true}]}}