{"id":1261,"date":"2018-01-31T22:08:23","date_gmt":"2018-01-31T21:08:23","guid":{"rendered":"http:\/\/thebestbijoux.fr\/?post_type=product&#038;p=1261"},"modified":"2022-10-19T12:18:11","modified_gmt":"2022-10-19T10:18:11","slug":"boucles-doreilles-creoles-31","status":"publish","type":"product","link":"http:\/\/thebestbijoux.fr\/index.php\/produit\/boucles-doreilles-creoles-31\/","title":{"rendered":"Boucles d&rsquo;oreilles Cr\u00e9oles plaqu\u00e9 or 30mm"},"content":{"rendered":"<p>Boucles d&rsquo;oreilles Cr\u00e9oles 30mm<\/p>\n","protected":false},"excerpt":{"rendered":"<p>Boucles d&rsquo;oreilles Cr\u00e9oles 30mm<\/p>\n","protected":false},"featured_media":12860,"comment_status":"open","ping_status":"closed","template":"","meta":[],"_links":{"self":[{"href":"http:\/\/thebestbijoux.fr\/index.php\/wp-json\/wp\/v2\/product\/1261"}],"collection":[{"href":"http:\/\/thebestbijoux.fr\/index.php\/wp-json\/wp\/v2\/product"}],"about":[{"href":"http:\/\/thebestbijoux.fr\/index.php\/wp-json\/wp\/v2\/types\/product"}],"replies":[{"embeddable":true,"href":"http:\/\/thebestbijoux.fr\/index.php\/wp-json\/wp\/v2\/comments?post=1261"}],"wp:featuredmedia":[{"embeddable":true,"href":"http:\/\/thebestbijoux.fr\/index.php\/wp-json\/wp\/v2\/media\/12860"}],"wp:attachment":[{"href":"http:\/\/thebestbijoux.fr\/index.php\/wp-json\/wp\/v2\/media?parent=1261"}],"curies":[{"name":"wp","href":"https:\/\/api.w.org\/{rel}","templated":true}]}}