{"id":1248,"date":"2018-01-31T21:48:42","date_gmt":"2018-01-31T20:48:42","guid":{"rendered":"http:\/\/thebestbijoux.fr\/?post_type=product&#038;p=1248"},"modified":"2022-10-17T11:35:27","modified_gmt":"2022-10-17T09:35:27","slug":"boucles-doreilles-creoles-25","status":"publish","type":"product","link":"http:\/\/thebestbijoux.fr\/index.php\/produit\/boucles-doreilles-creoles-25\/","title":{"rendered":"Boucles  d&rsquo;oreilles 2cm Cr\u00e9oles plaqu\u00e9 or"},"content":{"rendered":"<p>Boucles d&rsquo;oreilles Cr\u00e9oles<\/p>\n","protected":false},"excerpt":{"rendered":"<p>Boucles d&rsquo;oreilles Cr\u00e9oles<\/p>\n","protected":false},"featured_media":12992,"comment_status":"open","ping_status":"closed","template":"","meta":[],"_links":{"self":[{"href":"http:\/\/thebestbijoux.fr\/index.php\/wp-json\/wp\/v2\/product\/1248"}],"collection":[{"href":"http:\/\/thebestbijoux.fr\/index.php\/wp-json\/wp\/v2\/product"}],"about":[{"href":"http:\/\/thebestbijoux.fr\/index.php\/wp-json\/wp\/v2\/types\/product"}],"replies":[{"embeddable":true,"href":"http:\/\/thebestbijoux.fr\/index.php\/wp-json\/wp\/v2\/comments?post=1248"}],"wp:featuredmedia":[{"embeddable":true,"href":"http:\/\/thebestbijoux.fr\/index.php\/wp-json\/wp\/v2\/media\/12992"}],"wp:attachment":[{"href":"http:\/\/thebestbijoux.fr\/index.php\/wp-json\/wp\/v2\/media?parent=1248"}],"curies":[{"name":"wp","href":"https:\/\/api.w.org\/{rel}","templated":true}]}}