{"id":1240,"date":"2018-01-31T21:42:09","date_gmt":"2018-01-31T20:42:09","guid":{"rendered":"http:\/\/thebestbijoux.fr\/?post_type=product&#038;p=1240"},"modified":"2022-10-19T11:28:58","modified_gmt":"2022-10-19T09:28:58","slug":"boucles-doreilles-creoles-21","status":"publish","type":"product","link":"http:\/\/thebestbijoux.fr\/index.php\/produit\/boucles-doreilles-creoles-21\/","title":{"rendered":"Boucles d&rsquo;oreilles Cr\u00e9oles en plaqu\u00e9 or 30mm"},"content":{"rendered":"<p>Boucles d&rsquo;oreilles Cr\u00e9oles 30mm<\/p>\n","protected":false},"excerpt":{"rendered":"<p>Boucles d&rsquo;oreilles Cr\u00e9oles 30mm<\/p>\n","protected":false},"featured_media":21542,"comment_status":"open","ping_status":"closed","template":"","meta":[],"_links":{"self":[{"href":"http:\/\/thebestbijoux.fr\/index.php\/wp-json\/wp\/v2\/product\/1240"}],"collection":[{"href":"http:\/\/thebestbijoux.fr\/index.php\/wp-json\/wp\/v2\/product"}],"about":[{"href":"http:\/\/thebestbijoux.fr\/index.php\/wp-json\/wp\/v2\/types\/product"}],"replies":[{"embeddable":true,"href":"http:\/\/thebestbijoux.fr\/index.php\/wp-json\/wp\/v2\/comments?post=1240"}],"wp:featuredmedia":[{"embeddable":true,"href":"http:\/\/thebestbijoux.fr\/index.php\/wp-json\/wp\/v2\/media\/21542"}],"wp:attachment":[{"href":"http:\/\/thebestbijoux.fr\/index.php\/wp-json\/wp\/v2\/media?parent=1240"}],"curies":[{"name":"wp","href":"https:\/\/api.w.org\/{rel}","templated":true}]}}