{"id":1238,"date":"2018-01-31T21:40:34","date_gmt":"2018-01-31T20:40:34","guid":{"rendered":"http:\/\/thebestbijoux.fr\/?post_type=product&#038;p=1238"},"modified":"2024-01-10T14:26:59","modified_gmt":"2024-01-10T13:26:59","slug":"boucles-doreilles-creoles-20","status":"publish","type":"product","link":"http:\/\/thebestbijoux.fr\/index.php\/produit\/boucles-doreilles-creoles-20\/","title":{"rendered":"Boucles d&rsquo;oreilles 33mm Cr\u00e9oles torsad\u00e9es en plaqu\u00e9 or"},"content":{"rendered":"<p>Boucles d&rsquo;oreilles Cr\u00e9oles 33mm<\/p>\n","protected":false},"excerpt":{"rendered":"<p>Boucles d&rsquo;oreilles Cr\u00e9oles 33mm<\/p>\n","protected":false},"featured_media":23023,"comment_status":"open","ping_status":"closed","template":"","meta":[],"_links":{"self":[{"href":"http:\/\/thebestbijoux.fr\/index.php\/wp-json\/wp\/v2\/product\/1238"}],"collection":[{"href":"http:\/\/thebestbijoux.fr\/index.php\/wp-json\/wp\/v2\/product"}],"about":[{"href":"http:\/\/thebestbijoux.fr\/index.php\/wp-json\/wp\/v2\/types\/product"}],"replies":[{"embeddable":true,"href":"http:\/\/thebestbijoux.fr\/index.php\/wp-json\/wp\/v2\/comments?post=1238"}],"wp:featuredmedia":[{"embeddable":true,"href":"http:\/\/thebestbijoux.fr\/index.php\/wp-json\/wp\/v2\/media\/23023"}],"wp:attachment":[{"href":"http:\/\/thebestbijoux.fr\/index.php\/wp-json\/wp\/v2\/media?parent=1238"}],"curies":[{"name":"wp","href":"https:\/\/api.w.org\/{rel}","templated":true}]}}