{"id":1234,"date":"2018-01-31T21:37:09","date_gmt":"2018-01-31T20:37:09","guid":{"rendered":"http:\/\/thebestbijoux.fr\/?post_type=product&#038;p=1234"},"modified":"2024-01-10T10:49:59","modified_gmt":"2024-01-10T09:49:59","slug":"boucles-doreilles-creoles-18","status":"publish","type":"product","link":"http:\/\/thebestbijoux.fr\/index.php\/produit\/boucles-doreilles-creoles-18\/","title":{"rendered":"Boucles d&rsquo;oreilles Cr\u00e9oles plaqu\u00e9 or 30mm x 40mm"},"content":{"rendered":"<p>Boucles d&rsquo;oreilles Cr\u00e9oles<\/p>\n","protected":false},"excerpt":{"rendered":"<p>Boucles d&rsquo;oreilles Cr\u00e9oles<\/p>\n","protected":false},"featured_media":23013,"comment_status":"open","ping_status":"closed","template":"","meta":[],"_links":{"self":[{"href":"http:\/\/thebestbijoux.fr\/index.php\/wp-json\/wp\/v2\/product\/1234"}],"collection":[{"href":"http:\/\/thebestbijoux.fr\/index.php\/wp-json\/wp\/v2\/product"}],"about":[{"href":"http:\/\/thebestbijoux.fr\/index.php\/wp-json\/wp\/v2\/types\/product"}],"replies":[{"embeddable":true,"href":"http:\/\/thebestbijoux.fr\/index.php\/wp-json\/wp\/v2\/comments?post=1234"}],"wp:featuredmedia":[{"embeddable":true,"href":"http:\/\/thebestbijoux.fr\/index.php\/wp-json\/wp\/v2\/media\/23013"}],"wp:attachment":[{"href":"http:\/\/thebestbijoux.fr\/index.php\/wp-json\/wp\/v2\/media?parent=1234"}],"curies":[{"name":"wp","href":"https:\/\/api.w.org\/{rel}","templated":true}]}}